{"id":38981,"date":"2024-09-16T23:13:18","date_gmt":"2024-09-16T20:13:18","guid":{"rendered":"https:\/\/rigaiff.lv\/?page_id=38981"},"modified":"2024-09-24T11:14:16","modified_gmt":"2024-09-24T08:14:16","slug":"balvu-sezonas-akcenti","status":"publish","type":"page","link":"https:\/\/rigaiff.lv\/lv\/gids-2\/balvu-sezonas-akcenti\/","title":{"rendered":"Balvu sezonas akcenti"},"content":{"rendered":"","protected":false},"excerpt":{"rendered":"","protected":false},"author":21,"featured_media":0,"parent":38680,"menu_order":0,"comment_status":"closed","ping_status":"closed","template":"selection_template_2024.php","meta":{"_acf_changed":false,"inline_featured_image":false,"footnotes":""},"class_list":["post-38981","page","type-page","status-publish","hentry"],"acf":{"logo":"https:\/\/rigaiff.lv\/wp-content\/uploads\/2024\/09\/012_STILLS_HD-1-scaled.jpg","logo_url":"","title":"Balvu sezonas akcenti","tagline":"<p><!--td {border: 1px solid #cccccc;}br {mso-data-placement:same-cell;}-->\u0160ogad RIGA IFF programm\u0101 iek\u013cautas vair\u0101ki presti\u017eos kino festiv\u0101los apbalvoti kino darbi un filmas, kas izvirz\u012btas Amerikas Kinoakad\u0113mijas balvai \u201cOskars\u201d nomin\u0101cij\u0101 \u201cLab\u0101k\u0101 \u0101rzemju filma\u201d. Apbalvojumu sezonai tuvojoties, \u0161\u012b filmu izlase \u013cauj iepaz\u012bt jaun\u0101k\u0101s un aktu\u0101l\u0101k\u0101s starptautisk\u0101 kino v\u0113smas, kas uzskat\u0101mas par \u0161\u012bs kino sezonas favor\u012bt\u0113m un cien\u012bgas c\u012bn\u012bties par presti\u017e\u0101kajiem kino pasaules apbalvojumiem.<\/p>\n","films":[38370,37150,38027,36153,38057,36861,38175,38156,38064,38470,38164]},"_links":{"self":[{"href":"https:\/\/rigaiff.lv\/lv\/wp-json\/wp\/v2\/pages\/38981","targetHints":{"allow":["GET"]}}],"collection":[{"href":"https:\/\/rigaiff.lv\/lv\/wp-json\/wp\/v2\/pages"}],"about":[{"href":"https:\/\/rigaiff.lv\/lv\/wp-json\/wp\/v2\/types\/page"}],"author":[{"embeddable":true,"href":"https:\/\/rigaiff.lv\/lv\/wp-json\/wp\/v2\/users\/21"}],"replies":[{"embeddable":true,"href":"https:\/\/rigaiff.lv\/lv\/wp-json\/wp\/v2\/comments?post=38981"}],"version-history":[{"count":3,"href":"https:\/\/rigaiff.lv\/lv\/wp-json\/wp\/v2\/pages\/38981\/revisions"}],"predecessor-version":[{"id":39286,"href":"https:\/\/rigaiff.lv\/lv\/wp-json\/wp\/v2\/pages\/38981\/revisions\/39286"}],"up":[{"embeddable":true,"href":"https:\/\/rigaiff.lv\/lv\/wp-json\/wp\/v2\/pages\/38680"}],"wp:attachment":[{"href":"https:\/\/rigaiff.lv\/lv\/wp-json\/wp\/v2\/media?parent=38981"}],"curies":[{"name":"wp","href":"https:\/\/api.w.org\/{rel}","templated":true}]}}