{"id":38983,"date":"2024-09-16T23:15:49","date_gmt":"2024-09-16T20:15:49","guid":{"rendered":"https:\/\/rigaiff.lv\/?page_id=38983"},"modified":"2024-09-24T11:08:04","modified_gmt":"2024-09-24T08:08:04","slug":"filmas-kas-jaredz","status":"publish","type":"page","link":"https:\/\/rigaiff.lv\/lv\/gids-2\/nepalaid-garam","title":{"rendered":"Nepalaid gar\u0101m!"},"content":{"rendered":"","protected":false},"excerpt":{"rendered":"","protected":false},"author":21,"featured_media":0,"parent":38680,"menu_order":0,"comment_status":"closed","ping_status":"closed","template":"selection_template_2024.php","meta":{"_acf_changed":false,"inline_featured_image":false,"footnotes":""},"class_list":["post-38983","page","type-page","status-publish","hentry"],"acf":{"logo":"https:\/\/rigaiff.lv\/wp-content\/uploads\/2024\/09\/TheSubstance_TLR-RB-US_UHD-239_24_PRHQ_Rec709-G24_51ENTV_20ENTV-20INT_240809_LUX.00_01_34_11.Still103-scaled.jpeg","logo_url":"","title":"Nepalaid gar\u0101m","tagline":"<p><!--td {border: 1px solid #cccccc;}br {mso-data-placement:same-cell;}-->\u0160\u012b izlase apkopo spo\u017e\u0101kos aktu\u0101l\u0101s festiv\u0101lu sezonas atkl\u0101jumus, sevi apliecin\u0101ju\u0161u kino autoru rokrakstus, ska\u013c\u0101kos nozares v\u0101rdus un starptautiski godalgotu darbu nepieradin\u0101t\u012bbu. T\u0101s ir filmas, kuru izr\u0101d\u012b\u0161anu uz liel\u0101 ekr\u0101na laist gar\u0101m b\u016btu gr\u0113ks.<\/p>\n","films":[36046,37150,38370,36238,38380,38064,38415,35929,36153]},"_links":{"self":[{"href":"https:\/\/rigaiff.lv\/lv\/wp-json\/wp\/v2\/pages\/38983","targetHints":{"allow":["GET"]}}],"collection":[{"href":"https:\/\/rigaiff.lv\/lv\/wp-json\/wp\/v2\/pages"}],"about":[{"href":"https:\/\/rigaiff.lv\/lv\/wp-json\/wp\/v2\/types\/page"}],"author":[{"embeddable":true,"href":"https:\/\/rigaiff.lv\/lv\/wp-json\/wp\/v2\/users\/21"}],"replies":[{"embeddable":true,"href":"https:\/\/rigaiff.lv\/lv\/wp-json\/wp\/v2\/comments?post=38983"}],"version-history":[{"count":2,"href":"https:\/\/rigaiff.lv\/lv\/wp-json\/wp\/v2\/pages\/38983\/revisions"}],"predecessor-version":[{"id":39284,"href":"https:\/\/rigaiff.lv\/lv\/wp-json\/wp\/v2\/pages\/38983\/revisions\/39284"}],"up":[{"embeddable":true,"href":"https:\/\/rigaiff.lv\/lv\/wp-json\/wp\/v2\/pages\/38680"}],"wp:attachment":[{"href":"https:\/\/rigaiff.lv\/lv\/wp-json\/wp\/v2\/media?parent=38983"}],"curies":[{"name":"wp","href":"https:\/\/api.w.org\/{rel}","templated":true}]}}