{"id":39293,"date":"2024-09-16T22:25:24","date_gmt":"2024-09-16T19:25:24","guid":{"rendered":"https:\/\/rigaiff.lv\/?page_id=39293"},"modified":"2024-09-27T12:01:30","modified_gmt":"2024-09-27T09:01:30","slug":"pasaule-caur-humora-prizmu","status":"publish","type":"page","link":"https:\/\/rigaiff.lv\/lv\/gids-2\/pasaule-caur-humora-prizmu\/","title":{"rendered":"Pasaule caur humora prizmu"},"content":{"rendered":"","protected":false},"excerpt":{"rendered":"","protected":false},"author":21,"featured_media":0,"parent":38680,"menu_order":0,"comment_status":"closed","ping_status":"closed","template":"selection_template_2024.php","meta":{"_acf_changed":false,"inline_featured_image":false,"footnotes":""},"class_list":["post-39293","page","type-page","status-publish","hentry"],"acf":{"logo":"https:\/\/rigaiff.lv\/wp-content\/uploads\/2024\/09\/L_Empire_02\u00a9Tessalit-2023-1-scaled.jpg","logo_url":"","title":"Pasaule caur humora prizmu","tagline":"<p><!--td {border: 1px solid #cccccc;}br {mso-data-placement:same-cell;}-->Filmu izlase pied\u0101v\u0101 aizraujo\u0161u kom\u0113diju kl\u0101stu \u2013 no asas sat\u012bras un labdab\u012bga humora l\u012bdz izmalcin\u0101tiem \u0101rthausa slapstikiem un metakom\u0113dij\u0101m \u2013, aicinot skat\u012bt\u0101ju izbaud\u012bt dz\u012bves saulaino pusi. Katra izlases filma atkl\u0101j k\u0101du unik\u0101lu humora \u0161\u0137autni, izce\u013cot kom\u0113dijas \u017eanra da\u017e\u0101d\u012bbu.<\/p>\n","films":[36155,38027,36055,36771,38064,37738]},"_links":{"self":[{"href":"https:\/\/rigaiff.lv\/lv\/wp-json\/wp\/v2\/pages\/39293","targetHints":{"allow":["GET"]}}],"collection":[{"href":"https:\/\/rigaiff.lv\/lv\/wp-json\/wp\/v2\/pages"}],"about":[{"href":"https:\/\/rigaiff.lv\/lv\/wp-json\/wp\/v2\/types\/page"}],"author":[{"embeddable":true,"href":"https:\/\/rigaiff.lv\/lv\/wp-json\/wp\/v2\/users\/21"}],"replies":[{"embeddable":true,"href":"https:\/\/rigaiff.lv\/lv\/wp-json\/wp\/v2\/comments?post=39293"}],"version-history":[{"count":3,"href":"https:\/\/rigaiff.lv\/lv\/wp-json\/wp\/v2\/pages\/39293\/revisions"}],"predecessor-version":[{"id":39376,"href":"https:\/\/rigaiff.lv\/lv\/wp-json\/wp\/v2\/pages\/39293\/revisions\/39376"}],"up":[{"embeddable":true,"href":"https:\/\/rigaiff.lv\/lv\/wp-json\/wp\/v2\/pages\/38680"}],"wp:attachment":[{"href":"https:\/\/rigaiff.lv\/lv\/wp-json\/wp\/v2\/media?parent=39293"}],"curies":[{"name":"wp","href":"https:\/\/api.w.org\/{rel}","templated":true}]}}