{"id":39299,"date":"2024-09-16T08:22:42","date_gmt":"2024-09-16T05:22:42","guid":{"rendered":"https:\/\/rigaiff.lv\/?page_id=39299"},"modified":"2024-09-24T13:23:29","modified_gmt":"2024-09-24T10:23:29","slug":"sinhronais-audio-tulkojums-latviski","status":"publish","type":"page","link":"https:\/\/rigaiff.lv\/lv\/gids-2\/sinhronais-audio-tulkojums-latviski\/","title":{"rendered":"Sinhronais audio tulkojums latviski"},"content":{"rendered":"","protected":false},"excerpt":{"rendered":"","protected":false},"author":21,"featured_media":0,"parent":38680,"menu_order":0,"comment_status":"closed","ping_status":"closed","template":"selection_template_2024.php","meta":{"_acf_changed":false,"inline_featured_image":false,"footnotes":""},"class_list":["post-39299","page","type-page","status-publish","hentry"],"acf":{"logo":"https:\/\/rigaiff.lv\/wp-content\/uploads\/2024\/09\/STR8420-1.jpg","logo_url":"","title":"Sinhronais audio tulkojums latviski","tagline":"<p><!--td {border: 1px solid #cccccc;}br {mso-data-placement:same-cell;}-->Filmas, kuru kl\u0101tienes seansos austi\u0146\u0101s tiek nodro\u0161in\u0101ts sinhronais tulkojums latvie\u0161u valod\u0101. \u0160ie seansi ir \u012bpa\u0161i piem\u0113roti person\u0101m ar da\u017e\u0101diem redzes apgr\u016btin\u0101jumiem.<\/p>\n","films":[36050,38473,38164,38413,36259,36048,36153,38027,37982,38175,38470,35757,38415,38480,36037,38073,38064,38042,38477,38057,36165,37028]},"_links":{"self":[{"href":"https:\/\/rigaiff.lv\/lv\/wp-json\/wp\/v2\/pages\/39299","targetHints":{"allow":["GET"]}}],"collection":[{"href":"https:\/\/rigaiff.lv\/lv\/wp-json\/wp\/v2\/pages"}],"about":[{"href":"https:\/\/rigaiff.lv\/lv\/wp-json\/wp\/v2\/types\/page"}],"author":[{"embeddable":true,"href":"https:\/\/rigaiff.lv\/lv\/wp-json\/wp\/v2\/users\/21"}],"replies":[{"embeddable":true,"href":"https:\/\/rigaiff.lv\/lv\/wp-json\/wp\/v2\/comments?post=39299"}],"version-history":[{"count":1,"href":"https:\/\/rigaiff.lv\/lv\/wp-json\/wp\/v2\/pages\/39299\/revisions"}],"predecessor-version":[{"id":39301,"href":"https:\/\/rigaiff.lv\/lv\/wp-json\/wp\/v2\/pages\/39299\/revisions\/39301"}],"up":[{"embeddable":true,"href":"https:\/\/rigaiff.lv\/lv\/wp-json\/wp\/v2\/pages\/38680"}],"wp:attachment":[{"href":"https:\/\/rigaiff.lv\/lv\/wp-json\/wp\/v2\/media?parent=39299"}],"curies":[{"name":"wp","href":"https:\/\/api.w.org\/{rel}","templated":true}]}}