{"id":39524,"date":"2024-09-16T22:21:13","date_gmt":"2024-09-16T19:21:13","guid":{"rendered":"https:\/\/rigaiff.lv\/?page_id=39524"},"modified":"2024-10-10T16:00:38","modified_gmt":"2024-10-10T13:00:38","slug":"filmu-parstavju-qa","status":"publish","type":"page","link":"https:\/\/rigaiff.lv\/lv\/gids-2\/radosas-komandas-qa\/","title":{"rendered":"Rado\u0161\u0101s komandas Q&#038;A"},"content":{"rendered":"","protected":false},"excerpt":{"rendered":"","protected":false},"author":21,"featured_media":0,"parent":38680,"menu_order":0,"comment_status":"closed","ping_status":"closed","template":"selection_template_2024.php","meta":{"_acf_changed":false,"inline_featured_image":false,"footnotes":""},"class_list":["post-39524","page","type-page","status-publish","hentry"],"acf":{"logo":"https:\/\/rigaiff.lv\/wp-content\/uploads\/2024\/10\/IMG_9216.jpg","logo_url":"","title":"Rado\u0161\u0101s komandas Q&A","tagline":"<p>Viena no kinofestiv\u0101la seansu unik\u0101laj\u0101m iez\u012bm\u0113m, kas \u0161o skat\u012b\u0161an\u0101s pieredzi at\u0161\u0137ir no ikdienas kino apmekl\u0113juma, ir iesp\u0113ja seansos un p\u0113c tiem satikt filmu rado\u0161\u0101s komandas p\u0101rst\u0101vjus un uzzin\u0101t vair\u0101k par darbu tap\u0161anas procesu. Izlas\u0113 apkopotas filmas, p\u0113c kuru seansiem iesak\u0101m nesteigties prom, bet gan iek\u0101rtoties s\u0113dviet\u0101 un piedal\u012bties sarun\u0101s ar darbu veidot\u0101jiem.<\/p>\n","films":[37474,36048,38487,35870,36966,38415,37646,37762,38413,37764,38175,37767,38164,35757]},"_links":{"self":[{"href":"https:\/\/rigaiff.lv\/lv\/wp-json\/wp\/v2\/pages\/39524","targetHints":{"allow":["GET"]}}],"collection":[{"href":"https:\/\/rigaiff.lv\/lv\/wp-json\/wp\/v2\/pages"}],"about":[{"href":"https:\/\/rigaiff.lv\/lv\/wp-json\/wp\/v2\/types\/page"}],"author":[{"embeddable":true,"href":"https:\/\/rigaiff.lv\/lv\/wp-json\/wp\/v2\/users\/21"}],"replies":[{"embeddable":true,"href":"https:\/\/rigaiff.lv\/lv\/wp-json\/wp\/v2\/comments?post=39524"}],"version-history":[{"count":7,"href":"https:\/\/rigaiff.lv\/lv\/wp-json\/wp\/v2\/pages\/39524\/revisions"}],"predecessor-version":[{"id":39616,"href":"https:\/\/rigaiff.lv\/lv\/wp-json\/wp\/v2\/pages\/39524\/revisions\/39616"}],"up":[{"embeddable":true,"href":"https:\/\/rigaiff.lv\/lv\/wp-json\/wp\/v2\/pages\/38680"}],"wp:attachment":[{"href":"https:\/\/rigaiff.lv\/lv\/wp-json\/wp\/v2\/media?parent=39524"}],"curies":[{"name":"wp","href":"https:\/\/api.w.org\/{rel}","templated":true}]}}