{"id":40803,"date":"2025-05-07T22:24:29","date_gmt":"2025-05-07T19:24:29","guid":{"rendered":"https:\/\/rigaiff.lv\/?page_id=40803"},"modified":"2026-03-23T20:03:17","modified_gmt":"2026-03-23T18:03:17","slug":"forum-2025","status":"publish","type":"page","link":"https:\/\/rigaiff.lv\/lv\/forum-2025\/","title":{"rendered":"FORUM 2025"},"content":{"rendered":"<p class=\"qtranxs-available-languages-message qtranxs-available-languages-message-lv\"> <\/p><p><\/p>\n<p>The two main sections of the RIGA IFF industry programme \u2013 RIGA IFF SHOWCASE and SHORT RIGA Test Screenings \u2013 together with a rich agenda of events including talks, presentations, and networking opportunities, are tailored to experienced industry professionals, emerging talent, and students alike. Together, the RIGA IFF FORUM programmes offer a welcoming and well-rounded industry platform \u2013 an ideal and meaningful meeting place for building connections and forging new collaborations.<\/p>\n<p><\/p>","protected":false},"excerpt":{"rendered":"<p class=\"qtranxs-available-languages-message qtranxs-available-languages-message-lv\"> <\/p><p><\/p>\n<p>The two main sections of the RIGA IFF industry programme \u2013 RIGA IFF SHOWCASE and SHORT RIGA Test Screenings \u2013 together with a rich agenda of events including talks, presentations, and networking opportunities, are tailored to experienced industry professionals, emerging talent, and students alike. Together, the RIGA IFF FORUM programmes offer a welcoming and well-rounded industry platform \u2013 an ideal and meaningful meeting place for building connections and forging new collaborations.<\/p>\n<p><\/p>","protected":false},"author":1,"featured_media":0,"parent":0,"menu_order":0,"comment_status":"closed","ping_status":"closed","template":"forum-2025.php","meta":{"_acf_changed":false,"inline_featured_image":false,"footnotes":""},"class_list":["post-40803","page","type-page","status-publish","hentry"],"acf":{"forum_buttons":[{"title":"Event schedule","url":"https:\/\/rigaiff.lv\/lv\/forum-calendar\/"}],"cta_button_text":"Explore our previous edition","cta_button_url":"\/lv\/forum-2024","blocks":[{"section":40826,"background_image":{"ID":40219,"id":40219,"title":"_STR6140","filename":"STR6140.jpg","filesize":2741829,"url":"https:\/\/rigaiff.lv\/wp-content\/uploads\/2024\/11\/STR6140.jpg","link":"https:\/\/rigaiff.lv\/wp-content\/uploads\/2024\/11\/STR6140.jpg","alt":"","author":"21","description":"","caption":"","name":"2eb1b1132bf74ada8ad6dc090230c7d3","status":"inherit","uploaded_to":40195,"date":"2024-11-04 09:25:03","modified":"2025-05-16 14:39:03","menu_order":0,"mime_type":"image\/jpeg","type":"image","subtype":"jpeg","icon":"https:\/\/rigaiff.lv\/wp-includes\/images\/media\/default.png","width":2200,"height":1467,"sizes":{"thumbnail":"https:\/\/rigaiff.lv\/wp-content\/uploads\/2024\/11\/STR6140-150x150.jpg","thumbnail-width":150,"thumbnail-height":150,"medium":"https:\/\/rigaiff.lv\/wp-content\/uploads\/2024\/11\/STR6140-250x167.jpg","medium-width":250,"medium-height":167,"medium_large":"https:\/\/rigaiff.lv\/wp-content\/uploads\/2024\/11\/STR6140-768x512.jpg","medium_large-width":768,"medium_large-height":512,"large":"https:\/\/rigaiff.lv\/wp-content\/uploads\/2024\/11\/STR6140-1500x1000.jpg","large-width":900,"large-height":600,"1536x1536":"https:\/\/rigaiff.lv\/wp-content\/uploads\/2024\/11\/STR6140-1536x1024.jpg","1536x1536-width":1536,"1536x1536-height":1024,"2048x2048":"https:\/\/rigaiff.lv\/wp-content\/uploads\/2024\/11\/STR6140-2048x1366.jpg","2048x2048-width":2048,"2048x2048-height":1366,"large1200":"https:\/\/rigaiff.lv\/wp-content\/uploads\/2024\/11\/STR6140-1200x800.jpg","large1200-width":1200,"large1200-height":800,"large1800":"https:\/\/rigaiff.lv\/wp-content\/uploads\/2024\/11\/STR6140-1800x1200.jpg","large1800-width":1800,"large1800-height":1200,"small":"https:\/\/rigaiff.lv\/wp-content\/uploads\/2024\/11\/STR6140-120x80.jpg","small-width":120,"small-height":80,"uncompressed":"https:\/\/rigaiff.lv\/wp-content\/uploads\/2024\/11\/STR6140.jpg","uncompressed-width":2200,"uncompressed-height":1467,"custom-size":"https:\/\/rigaiff.lv\/wp-content\/uploads\/2024\/11\/STR6140-700x200.jpg","custom-size-width":700,"custom-size-height":200}},"overlay_image":"https:\/\/rigaiff.lv\/wp-content\/uploads\/2024\/03\/SHOWCASE_MAIN-2024-03-12-black.svg","overlay_frame_en":false,"custom_image_url":"","countries_radio":"list","countries":[{"value":"AL","label":"Albania (AL)"},{"value":"BA","label":"Bosnia and Herzegovina (BA)"},{"value":"BG","label":"Bulgaria (BG)"},{"value":"HR","label":"Croatia (HR)"},{"value":"CZ","label":"Czechia (CZ)"},{"value":"EE","label":"Estonia (EE)"},{"value":"GE","label":"Georgia (GE)"},{"value":"HU","label":"Hungary (HU)"},{"value":"LV","label":"Latvia (LV)"},{"value":"LT","label":"Lithuania (LT)"},{"value":"MD","label":"Moldova, Republic of (MD)"},{"value":"ME","label":"Montenegro (ME)"},{"value":"MK","label":"North Macedonia (MK)"},{"value":"PL","label":"Poland (PL)"},{"value":"RO","label":"Romania (RO)"},{"value":"RS","label":"Serbia (RS)"},{"value":"SK","label":"Slovakia (SK)"},{"value":"SI","label":"Slovenia (SI)"},{"value":"UA","label":"Ukraine (UA)"}],"custom_countries_info":"","runtime":"","submission_deadline":"Submission opens on 17 June","production_date":"","description":"<p>Selection committee of RIGA IFF SHOWCASE hand-picks 10 feature film and series projects that are pitched to an audience of international and local buyers as well as a jury. After the pitching session, one-to-one meetings take place, providing opportunity for in-depth discussions with potential partners, buyers and festival representatives.<\/p>\n","title":"Read more","url":"https:\/\/rigaiff.lv\/lv\/forum-2025\/riga-iff-showcase"},{"section":40828,"background_image":{"ID":40207,"id":40207,"title":"_STR5435","filename":"STR5435.jpg","filesize":3060558,"url":"https:\/\/rigaiff.lv\/wp-content\/uploads\/2024\/11\/STR5435.jpg","link":"https:\/\/rigaiff.lv\/wp-content\/uploads\/2024\/11\/STR5435.jpg","alt":"","author":"21","description":"","caption":"","name":"992040232ab54b86bcc899005abef8de","status":"inherit","uploaded_to":40195,"date":"2024-11-04 09:23:22","modified":"2025-05-16 14:41:26","menu_order":0,"mime_type":"image\/jpeg","type":"image","subtype":"jpeg","icon":"https:\/\/rigaiff.lv\/wp-includes\/images\/media\/default.png","width":2200,"height":1467,"sizes":{"thumbnail":"https:\/\/rigaiff.lv\/wp-content\/uploads\/2024\/11\/STR5435-150x150.jpg","thumbnail-width":150,"thumbnail-height":150,"medium":"https:\/\/rigaiff.lv\/wp-content\/uploads\/2024\/11\/STR5435-250x167.jpg","medium-width":250,"medium-height":167,"medium_large":"https:\/\/rigaiff.lv\/wp-content\/uploads\/2024\/11\/STR5435-768x512.jpg","medium_large-width":768,"medium_large-height":512,"large":"https:\/\/rigaiff.lv\/wp-content\/uploads\/2024\/11\/STR5435-1500x1000.jpg","large-width":900,"large-height":600,"1536x1536":"https:\/\/rigaiff.lv\/wp-content\/uploads\/2024\/11\/STR5435-1536x1024.jpg","1536x1536-width":1536,"1536x1536-height":1024,"2048x2048":"https:\/\/rigaiff.lv\/wp-content\/uploads\/2024\/11\/STR5435-2048x1366.jpg","2048x2048-width":2048,"2048x2048-height":1366,"large1200":"https:\/\/rigaiff.lv\/wp-content\/uploads\/2024\/11\/STR5435-1200x800.jpg","large1200-width":1200,"large1200-height":800,"large1800":"https:\/\/rigaiff.lv\/wp-content\/uploads\/2024\/11\/STR5435-1800x1200.jpg","large1800-width":1800,"large1800-height":1200,"small":"https:\/\/rigaiff.lv\/wp-content\/uploads\/2024\/11\/STR5435-120x80.jpg","small-width":120,"small-height":80,"uncompressed":"https:\/\/rigaiff.lv\/wp-content\/uploads\/2024\/11\/STR5435.jpg","uncompressed-width":2200,"uncompressed-height":1467,"custom-size":"https:\/\/rigaiff.lv\/wp-content\/uploads\/2024\/11\/STR5435-700x200.jpg","custom-size-width":700,"custom-size-height":200}},"overlay_image":"https:\/\/rigaiff.lv\/wp-content\/uploads\/2024\/03\/SRTS_MAIN-2024-03-12-black.svg","overlay_frame_en":false,"custom_image_url":"","countries_radio":"list","countries":[{"value":"LV","label":"Latvia (LV)"},{"value":"LT","label":"Lithuania (LT)"},{"value":"EE","label":"Estonia (EE)"}],"custom_countries_info":"","runtime":"","submission_deadline":"Submission opens on 17 June","production_date":"","description":"<p>The curators of SHORT RIGA Test Screenings select 10 to 14 promising short films that are split into two screenings held over two days. The films are evaluated by a commission of five experts that changes yearly so as to guarantee in-depth evaluations from different perspectives. The panel will have familiarised themselves with the projects in advance, but final feedback and evaluations will follow only after seeing the films on the big screen.<\/p>\n","title":"Read more","url":"https:\/\/rigaiff.lv\/lv\/forum-2025\/short-riga-test-screenings"},{"section":40834,"background_image":false,"overlay_image":false,"overlay_frame_en":false,"custom_image_url":"","countries_radio":"list","countries":[],"custom_countries_info":"","runtime":"","submission_deadline":"","production_date":"","description":"","title":"","url":""},{"section":40830,"background_image":false,"overlay_image":false,"overlay_frame_en":false,"custom_image_url":"","countries_radio":"list","countries":[],"custom_countries_info":"","runtime":"","submission_deadline":"","production_date":"","description":"","title":"","url":""},{"section":43601,"background_image":false,"overlay_image":false,"overlay_frame_en":false,"custom_image_url":"","countries_radio":"list","countries":[],"custom_countries_info":"","runtime":"","submission_deadline":"","production_date":"","description":"","title":"","url":""},{"section":40832,"background_image":false,"overlay_image":false,"overlay_frame_en":false,"custom_image_url":"","countries_radio":"list","countries":[],"custom_countries_info":"","runtime":"","submission_deadline":"","production_date":"","description":"","title":"","url":""}],"forum_sections_title":"","description_-_sections":"<p>The two main sections of the RIGA IFF industry programme \u2013 RIGA IFF SHOWCASE and SHORT RIGA Test Screenings \u2013 together with a rich agenda of events including talks, presentations, and networking opportunities, are tailored to experienced industry professionals, emerging talent, and students alike. Together, the RIGA IFF FORUM programme offer a welcoming and well-rounded industry platform \u2013 an ideal and meaningful meeting place for building connections and forging new collaborations.<\/p>\n<p>Participation in most RIGA IFF FORUM events will require an industry accreditation FORUM Pass or Festival &amp; FORUM Pass. Learn more: <a href=\"http:\/\/tickets.rigaiff.lv\">tickets.rigaiff.lv<\/a>.<\/p>\n","description":"","custom_supporter_title":"Supporters","supporter":[{"supporter_select":{"ID":11178,"post_author":"2","post_date":"2019-09-07 11:13:15","post_date_gmt":"2019-09-07 08:13:15","post_content":"","post_title":"Latvijas Invest\u012bciju un att\u012bst\u012bbas a\u0123ent\u016bra (LIAA)","post_excerpt":"","post_status":"publish","comment_status":"closed","ping_status":"closed","post_password":"","post_name":"latvijas-investiciju-un-attistibas-agentura-liaa","to_ping":"","pinged":"","post_modified":"2024-09-16 21:59:19","post_modified_gmt":"2024-09-16 18:59:19","post_content_filtered":"","post_parent":0,"guid":"https:\/\/rigaiff.lv\/2020\/?post_type=supporters&#038;p=11178","menu_order":0,"post_type":"supporters","post_mime_type":"","comment_count":"0","filter":"raw","post_title_ml":"[:en]Investment and Development Agency of Latvia (LIAA)[:lv]Latvijas Invest\u012bciju un att\u012bst\u012bbas a\u0123ent\u016bra (LIAA)[:]","post_title_langs":{"en":true,"lv":true},"acf":{"logo":"https:\/\/rigaiff.lv\/wp-content\/uploads\/2019\/09\/LIAA-full-logo-black.svg","url":"http:\/\/www.liaa.gov.lv\/lv"}},"width_(px)":"320"},{"supporter_select":{"ID":11172,"post_author":"2","post_date":"2019-09-07 10:05:44","post_date_gmt":"2019-09-07 07:05:44","post_content":"","post_title":"Nacion\u0101lais kino centrs","post_excerpt":"","post_status":"publish","comment_status":"closed","ping_status":"closed","post_password":"","post_name":"nacionalais-kino-centrs","to_ping":"","pinged":"","post_modified":"2025-06-11 14:13:04","post_modified_gmt":"2025-06-11 11:13:04","post_content_filtered":"","post_parent":0,"guid":"https:\/\/rigaiff.lv\/2020\/?post_type=supporters&#038;p=11172","menu_order":0,"post_type":"supporters","post_mime_type":"","comment_count":"0","filter":"raw","post_title_ml":"[:en]Nacion\u0101lais kino centrs (NKC)[:lv]Nacion\u0101lais kino centrs[:]","post_title_langs":{"en":true,"lv":true},"acf":{"logo":"https:\/\/rigaiff.lv\/wp-content\/uploads\/2019\/09\/Nacionalais-Kino-centrs-NKC-\u2013-Simple-Vertical-LV.svg","url":"http:\/\/nkc.gov.lv"}},"width_(px)":"120"},{"supporter_select":{"ID":11173,"post_author":"2","post_date":"2019-09-07 10:26:09","post_date_gmt":"2019-09-07 07:26:09","post_content":"","post_title":"R\u012bgas dome","post_excerpt":"","post_status":"publish","comment_status":"closed","ping_status":"closed","post_password":"","post_name":"rigas-dome","to_ping":"","pinged":"","post_modified":"2025-06-11 14:09:30","post_modified_gmt":"2025-06-11 11:09:30","post_content_filtered":"","post_parent":0,"guid":"https:\/\/rigaiff.lv\/2020\/?post_type=supporters&#038;p=11173","menu_order":0,"post_type":"supporters","post_mime_type":"","comment_count":"0","filter":"raw","post_title_ml":"[:en]Riga City Council[:lv]R\u012bgas dome[:]","post_title_langs":{"en":true,"lv":true},"acf":{"logo":"https:\/\/rigaiff.lv\/wp-content\/uploads\/2019\/09\/Riga-\u2013-Logo-Black-LV-1.svg","url":"https:\/\/www.riga.lv\/"}},"width_(px)":"160"},{"supporter_select":{"ID":16422,"post_author":"2","post_date":"2020-09-10 08:05:08","post_date_gmt":"2020-09-10 05:05:08","post_content":"","post_title":"Francijas Instit\u016bts Latvij\u0101","post_excerpt":"","post_status":"publish","comment_status":"closed","ping_status":"closed","post_password":"","post_name":"francijas-instituts-latvija","to_ping":"","pinged":"","post_modified":"2020-09-10 08:05:08","post_modified_gmt":"2020-09-10 05:05:08","post_content_filtered":"","post_parent":0,"guid":"https:\/\/rigaiff.lv\/?post_type=supporters&#038;p=16422","menu_order":0,"post_type":"supporters","post_mime_type":"","comment_count":"0","filter":"raw","post_title_ml":"[:en]French Institute Latvia[:lv]Francijas Instit\u016bts Latvij\u0101[:]","post_title_langs":{"en":true,"lv":true},"acf":{"logo":"https:\/\/rigaiff.lv\/wp-content\/uploads\/2020\/09\/French-Institute-Latvia-FR-Black.svg","url":"https:\/\/www.institut-francais.lv\/en\/"}},"width_(px)":"120"},{"supporter_select":{"ID":32087,"post_author":"21","post_date":"2023-09-01 22:30:14","post_date_gmt":"2023-09-01 19:30:14","post_content":"","post_title":"BWiFM","post_excerpt":"","post_status":"publish","comment_status":"closed","ping_status":"closed","post_password":"","post_name":"bwifm","to_ping":"","pinged":"","post_modified":"2023-09-01 22:30:14","post_modified_gmt":"2023-09-01 19:30:14","post_content_filtered":"","post_parent":0,"guid":"https:\/\/rigaiff.lv\/?post_type=supporters&#038;p=32087","menu_order":0,"post_type":"supporters","post_mime_type":"","comment_count":"0","filter":"raw","post_title_ml":"[:en]BWiFM[:]","post_title_langs":{"en":true},"acf":{"logo":"https:\/\/rigaiff.lv\/wp-content\/uploads\/2023\/09\/BWIFM-logo.svg","url":"https:\/\/lithuanianshorts.com\/en\/baltic-women-in-film-mentorship\/"}},"width_(px)":"120"},{"supporter_select":{"ID":11189,"post_author":"2","post_date":"2019-09-07 11:39:10","post_date_gmt":"2019-09-07 08:39:10","post_content":"","post_title":"K.Suns","post_excerpt":"","post_status":"publish","comment_status":"closed","ping_status":"closed","post_password":"","post_name":"k-suns","to_ping":"","pinged":"","post_modified":"2019-09-07 11:39:10","post_modified_gmt":"2019-09-07 08:39:10","post_content_filtered":"","post_parent":0,"guid":"https:\/\/rigaiff.lv\/2020\/?post_type=supporters&#038;p=11189","menu_order":0,"post_type":"supporters","post_mime_type":"","comment_count":"0","filter":"raw","post_title_ml":"[:en]K.Suns[:]","post_title_langs":{"en":true},"acf":{"logo":"https:\/\/rigaiff.lv\/wp-content\/uploads\/2018\/05\/Suns.svg","url":"http:\/\/kinogalerija.lv\/"}},"width_(px)":"90"}]},"_links":{"self":[{"href":"https:\/\/rigaiff.lv\/lv\/wp-json\/wp\/v2\/pages\/40803","targetHints":{"allow":["GET"]}}],"collection":[{"href":"https:\/\/rigaiff.lv\/lv\/wp-json\/wp\/v2\/pages"}],"about":[{"href":"https:\/\/rigaiff.lv\/lv\/wp-json\/wp\/v2\/types\/page"}],"author":[{"embeddable":true,"href":"https:\/\/rigaiff.lv\/lv\/wp-json\/wp\/v2\/users\/1"}],"replies":[{"embeddable":true,"href":"https:\/\/rigaiff.lv\/lv\/wp-json\/wp\/v2\/comments?post=40803"}],"version-history":[{"count":21,"href":"https:\/\/rigaiff.lv\/lv\/wp-json\/wp\/v2\/pages\/40803\/revisions"}],"predecessor-version":[{"id":43812,"href":"https:\/\/rigaiff.lv\/lv\/wp-json\/wp\/v2\/pages\/40803\/revisions\/43812"}],"wp:attachment":[{"href":"https:\/\/rigaiff.lv\/lv\/wp-json\/wp\/v2\/media?parent=40803"}],"curies":[{"name":"wp","href":"https:\/\/api.w.org\/{rel}","templated":true}]}}