{"id":43355,"date":"2025-09-22T18:00:59","date_gmt":"2025-09-22T15:00:59","guid":{"rendered":"https:\/\/rigaiff.lv\/?page_id=43355"},"modified":"2025-10-12T11:54:19","modified_gmt":"2025-10-12T08:54:19","slug":"lieli-vardi-lielas-filmas","status":"publish","type":"page","link":"https:\/\/rigaiff.lv\/lv\/gids-2025\/lieli-vardi-lielas-filmas\/","title":{"rendered":"Lieli v\u0101rdi, lielas filmas"},"content":{"rendered":"","protected":false},"excerpt":{"rendered":"","protected":false},"author":21,"featured_media":0,"parent":42741,"menu_order":0,"comment_status":"closed","ping_status":"closed","template":"selection_template_2025.php","meta":{"_acf_changed":false,"inline_featured_image":false,"footnotes":""},"class_list":["post-43355","page","type-page","status-publish","hentry"],"acf":{"logo":"https:\/\/rigaiff.lv\/wp-content\/uploads\/2025\/09\/Still2-scaled.jpg","logo_url":"","title":"Lieli v\u0101rdi, lielas filmas","tagline":"<p><!--td {border: 1px solid #cccccc;}br {mso-data-placement:same-cell;}-->Apspriest\u0101kie un spilgt\u0101kie kinodarbi no t\u0101diem atz\u012btiem autoriem k\u0101 Jorgs Lantims, Linna Remzija, \u010canvuks Parks, Luka Gvandanj\u012bno, Kellija Reiharte, D\u017eafars Panahi un Ri\u010dards Linkleiters. Tajos uz kinote\u0101tru ekr\u0101niem satiksies \u017eilbino\u0161a Holivudas zvaig\u017e\u0146u plej\u0101de \u2013 Emma Stouna un D\u017eesijs Plemonss , D\u017eenifera Lorensa un Roberts Patinsons (\u201cMirsti, mana m\u012bla\u201d), D\u017eo\u0161s O\u2019Konors (\u201cAf\u0113rists\u201d), D\u017e\u016blija Robertsa, Endrj\u016b G\u0101rfilds un Ajo Edebiri (\u201cP\u0113c med\u012bb\u0101m\u201d), M\u0101rgareta Kvelija, \u012atans Hauks un Endrj\u016b Skots (\u201cBlue Moon\u201d) un citas spo\u017eas ekr\u0101na person\u012bbas. T\u0101s ir filmas, kuru izr\u0101d\u012b\u0161anu uz liel\u0101 ekr\u0101na laist gar\u0101m b\u016btu gr\u0113ks.<\/p>\n","films":[42787,41378,41312,40997,43243,41327,40959,42746,42347,42582]},"_links":{"self":[{"href":"https:\/\/rigaiff.lv\/lv\/wp-json\/wp\/v2\/pages\/43355","targetHints":{"allow":["GET"]}}],"collection":[{"href":"https:\/\/rigaiff.lv\/lv\/wp-json\/wp\/v2\/pages"}],"about":[{"href":"https:\/\/rigaiff.lv\/lv\/wp-json\/wp\/v2\/types\/page"}],"author":[{"embeddable":true,"href":"https:\/\/rigaiff.lv\/lv\/wp-json\/wp\/v2\/users\/21"}],"replies":[{"embeddable":true,"href":"https:\/\/rigaiff.lv\/lv\/wp-json\/wp\/v2\/comments?post=43355"}],"version-history":[{"count":7,"href":"https:\/\/rigaiff.lv\/lv\/wp-json\/wp\/v2\/pages\/43355\/revisions"}],"predecessor-version":[{"id":43885,"href":"https:\/\/rigaiff.lv\/lv\/wp-json\/wp\/v2\/pages\/43355\/revisions\/43885"}],"up":[{"embeddable":true,"href":"https:\/\/rigaiff.lv\/lv\/wp-json\/wp\/v2\/pages\/42741"}],"wp:attachment":[{"href":"https:\/\/rigaiff.lv\/lv\/wp-json\/wp\/v2\/media?parent=43355"}],"curies":[{"name":"wp","href":"https:\/\/api.w.org\/{rel}","templated":true}]}}