{"id":43374,"date":"2025-09-22T17:55:46","date_gmt":"2025-09-22T14:55:46","guid":{"rendered":"https:\/\/rigaiff.lv\/?page_id=43374"},"modified":"2025-10-06T13:24:20","modified_gmt":"2025-10-06T10:24:20","slug":"apsleptie-dargakmeni","status":"publish","type":"page","link":"https:\/\/rigaiff.lv\/lv\/gids-2025\/apsleptie-dargakmeni\/","title":{"rendered":"Apsl\u0113ptie d\u0101rgakme\u0146i"},"content":{"rendered":"","protected":false},"excerpt":{"rendered":"","protected":false},"author":21,"featured_media":0,"parent":42741,"menu_order":0,"comment_status":"closed","ping_status":"closed","template":"selection_template_2025.php","meta":{"_acf_changed":false,"inline_featured_image":false,"footnotes":""},"class_list":["post-43374","page","type-page","status-publish","hentry"],"acf":{"logo":"https:\/\/rigaiff.lv\/wp-content\/uploads\/2025\/09\/RENOIR-Still-02.jpg","logo_url":"","title":"Apsl\u0113ptie d\u0101rgakme\u0146i","tagline":"<p>Neatk\u0101rtojamu kino pieredzi sniegs RIGA IFF programmas apsl\u0113ptie d\u0101rgakme\u0146i \u2013 filmas, kas v\u0113l nav nok\u013cuvu\u0161as starme\u0161u staros, bet savu m\u0101ksliniecisko kvalit\u0101ti apliecina ar unik\u0101liem st\u0101stiem, nepieradin\u0101t\u0101m kino form\u0101m un tikai festiv\u0101la kino apmekl\u0113jumam rakstur\u012bg\u0101m emocij\u0101m.<\/p>\n","films":[42795,42680,41321,42674,41393,41089,41530,42791,42472]},"_links":{"self":[{"href":"https:\/\/rigaiff.lv\/lv\/wp-json\/wp\/v2\/pages\/43374","targetHints":{"allow":["GET"]}}],"collection":[{"href":"https:\/\/rigaiff.lv\/lv\/wp-json\/wp\/v2\/pages"}],"about":[{"href":"https:\/\/rigaiff.lv\/lv\/wp-json\/wp\/v2\/types\/page"}],"author":[{"embeddable":true,"href":"https:\/\/rigaiff.lv\/lv\/wp-json\/wp\/v2\/users\/21"}],"replies":[{"embeddable":true,"href":"https:\/\/rigaiff.lv\/lv\/wp-json\/wp\/v2\/comments?post=43374"}],"version-history":[{"count":7,"href":"https:\/\/rigaiff.lv\/lv\/wp-json\/wp\/v2\/pages\/43374\/revisions"}],"predecessor-version":[{"id":43797,"href":"https:\/\/rigaiff.lv\/lv\/wp-json\/wp\/v2\/pages\/43374\/revisions\/43797"}],"up":[{"embeddable":true,"href":"https:\/\/rigaiff.lv\/lv\/wp-json\/wp\/v2\/pages\/42741"}],"wp:attachment":[{"href":"https:\/\/rigaiff.lv\/lv\/wp-json\/wp\/v2\/media?parent=43374"}],"curies":[{"name":"wp","href":"https:\/\/api.w.org\/{rel}","templated":true}]}}