{"id":43379,"date":"2025-09-22T17:45:45","date_gmt":"2025-09-22T14:45:45","guid":{"rendered":"https:\/\/rigaiff.lv\/?page_id=43379"},"modified":"2025-09-22T21:51:19","modified_gmt":"2025-09-22T18:51:19","slug":"normalas-filmas","status":"publish","type":"page","link":"https:\/\/rigaiff.lv\/lv\/gids-2025\/normalas-filmas\/","title":{"rendered":"Norm\u0101las filmas"},"content":{"rendered":"","protected":false},"excerpt":{"rendered":"","protected":false},"author":21,"featured_media":0,"parent":42741,"menu_order":0,"comment_status":"closed","ping_status":"closed","template":"selection_template_2025.php","meta":{"_acf_changed":false,"inline_featured_image":false,"footnotes":""},"class_list":["post-43379","page","type-page","status-publish","hentry"],"acf":{"logo":"https:\/\/rigaiff.lv\/wp-content\/uploads\/2025\/09\/MothersBaby_Still08_MarieLeuenberger_HansLow_cFreibeuterFilm_RGB-scaled.jpg","logo_url":"","title":"Norm\u0101las filmas","tagline":"<p><!--td {border: 1px solid #cccccc;}br {mso-data-placement:same-cell;}-->Filmas tiem, kas izv\u0113las pietur\u0113ties pie klasisk\u0101m kino form\u0101m un dod priek\u0161roku tradicion\u0101liem narat\u012bviem. T\u0101s ir st\u0101sti, kas aizrauj un \u013cauj piln\u012bb\u0101 izbaud\u012bt liel\u0101 ekr\u0101na burv\u012bbu un kino sv\u0113tkus, vienlaikus paliekot sav\u0101 komforta zon\u0101.<\/p>\n","films":[41810,41509,42797,41312,41355,41345,42682,41854,40997,42791,42036]},"_links":{"self":[{"href":"https:\/\/rigaiff.lv\/lv\/wp-json\/wp\/v2\/pages\/43379","targetHints":{"allow":["GET"]}}],"collection":[{"href":"https:\/\/rigaiff.lv\/lv\/wp-json\/wp\/v2\/pages"}],"about":[{"href":"https:\/\/rigaiff.lv\/lv\/wp-json\/wp\/v2\/types\/page"}],"author":[{"embeddable":true,"href":"https:\/\/rigaiff.lv\/lv\/wp-json\/wp\/v2\/users\/21"}],"replies":[{"embeddable":true,"href":"https:\/\/rigaiff.lv\/lv\/wp-json\/wp\/v2\/comments?post=43379"}],"version-history":[{"count":4,"href":"https:\/\/rigaiff.lv\/lv\/wp-json\/wp\/v2\/pages\/43379\/revisions"}],"predecessor-version":[{"id":43440,"href":"https:\/\/rigaiff.lv\/lv\/wp-json\/wp\/v2\/pages\/43379\/revisions\/43440"}],"up":[{"embeddable":true,"href":"https:\/\/rigaiff.lv\/lv\/wp-json\/wp\/v2\/pages\/42741"}],"wp:attachment":[{"href":"https:\/\/rigaiff.lv\/lv\/wp-json\/wp\/v2\/media?parent=43379"}],"curies":[{"name":"wp","href":"https:\/\/api.w.org\/{rel}","templated":true}]}}