{"id":43382,"date":"2025-09-22T17:35:48","date_gmt":"2025-09-22T14:35:48","guid":{"rendered":"https:\/\/rigaiff.lv\/?page_id=43382"},"modified":"2025-09-22T21:55:57","modified_gmt":"2025-09-22T18:55:57","slug":"sabiedriba-uz-naza-asmens","status":"publish","type":"page","link":"https:\/\/rigaiff.lv\/lv\/gids-2025\/sabiedriba-uz-naza-asmens\/","title":{"rendered":"Sabiedr\u012bba uz na\u017ea asmens"},"content":{"rendered":"","protected":false},"excerpt":{"rendered":"","protected":false},"author":21,"featured_media":0,"parent":42741,"menu_order":0,"comment_status":"closed","ping_status":"closed","template":"selection_template_2025.php","meta":{"_acf_changed":false,"inline_featured_image":false,"footnotes":""},"class_list":["post-43382","page","type-page","status-publish","hentry"],"acf":{"logo":"https:\/\/rigaiff.lv\/wp-content\/uploads\/2025\/09\/ACTS-OF-LOVE-still-01-hovedstill-by-Jacob-Moller-1-scaled.jpg","logo_url":"","title":"Sabiedr\u012bba uz na\u017ea asmens","tagline":"<p><!--td {border: 1px solid #cccccc;}br {mso-data-placement:same-cell;}-->Spraig\u0101ku izj\u016btu cien\u012bt\u0101jiem RIGA IFF pied\u0101v\u0101 psiholo\u0123isk\u0101s dr\u0101mas un trillerus, kas atkl\u0101j sabiedr\u012bbu uz na\u017ea asmens, l\u012bdz kaulam izzina cilv\u0113ka dabu un ievelk skat\u012bt\u0101ju intrigu t\u012bklos, nevairoties no negaid\u012btiem si\u017eeta pav\u0113rsieniem un intens\u012bvas emocion\u0101l\u0101s pieredzes.<\/p>\n","films":[42791,42789,42787,42662,42476,41355,42797,41345,42746,41810,40997,42680,42347,40959,40969]},"_links":{"self":[{"href":"https:\/\/rigaiff.lv\/lv\/wp-json\/wp\/v2\/pages\/43382","targetHints":{"allow":["GET"]}}],"collection":[{"href":"https:\/\/rigaiff.lv\/lv\/wp-json\/wp\/v2\/pages"}],"about":[{"href":"https:\/\/rigaiff.lv\/lv\/wp-json\/wp\/v2\/types\/page"}],"author":[{"embeddable":true,"href":"https:\/\/rigaiff.lv\/lv\/wp-json\/wp\/v2\/users\/21"}],"replies":[{"embeddable":true,"href":"https:\/\/rigaiff.lv\/lv\/wp-json\/wp\/v2\/comments?post=43382"}],"version-history":[{"count":5,"href":"https:\/\/rigaiff.lv\/lv\/wp-json\/wp\/v2\/pages\/43382\/revisions"}],"predecessor-version":[{"id":43441,"href":"https:\/\/rigaiff.lv\/lv\/wp-json\/wp\/v2\/pages\/43382\/revisions\/43441"}],"up":[{"embeddable":true,"href":"https:\/\/rigaiff.lv\/lv\/wp-json\/wp\/v2\/pages\/42741"}],"wp:attachment":[{"href":"https:\/\/rigaiff.lv\/lv\/wp-json\/wp\/v2\/media?parent=43382"}],"curies":[{"name":"wp","href":"https:\/\/api.w.org\/{rel}","templated":true}]}}