{"id":43385,"date":"2025-09-22T17:20:43","date_gmt":"2025-09-22T14:20:43","guid":{"rendered":"https:\/\/rigaiff.lv\/?page_id=43385"},"modified":"2025-09-22T20:45:56","modified_gmt":"2025-09-22T17:45:56","slug":"youth-matters","status":"publish","type":"page","link":"https:\/\/rigaiff.lv\/lv\/gids-2025\/youth-matters\/","title":{"rendered":"Youth Matters"},"content":{"rendered":"","protected":false},"excerpt":{"rendered":"","protected":false},"author":21,"featured_media":0,"parent":42741,"menu_order":0,"comment_status":"closed","ping_status":"closed","template":"selection_template_2025.php","meta":{"_acf_changed":false,"inline_featured_image":false,"footnotes":""},"class_list":["post-43385","page","type-page","status-publish","hentry"],"acf":{"logo":"https:\/\/rigaiff.lv\/wp-content\/uploads\/2025\/09\/01_ALTNGO_byTeroAhonen-1-scaled.jpg","logo_url":"","title":"Youth matters","tagline":"<p><!--td {border: 1px solid #cccccc;}br {mso-data-placement:same-cell;}-->Filmas par jaunie\u0161iem, kas \u012bpa\u0161i interesantas un izprotamas b\u016bs pa\u0161iem jaunie\u0161iem. T\u0101s r\u0101da pieaug\u0161anas gai\u0161\u0101s un tum\u0161\u0101s puses, atkl\u0101j savstarp\u0113jo attiec\u012bbu sp\u0113ku, ar vieglu sm\u012bnu v\u0113ro laikmeta s\u0101pes un \u013cauj nodoties ar\u012b po\u0113tiskai vientul\u012bbai.<\/p>\n","films":[42682,42795,42793,42467,42036,40526,41866,40997,41089,42472,41854,40524]},"_links":{"self":[{"href":"https:\/\/rigaiff.lv\/lv\/wp-json\/wp\/v2\/pages\/43385","targetHints":{"allow":["GET"]}}],"collection":[{"href":"https:\/\/rigaiff.lv\/lv\/wp-json\/wp\/v2\/pages"}],"about":[{"href":"https:\/\/rigaiff.lv\/lv\/wp-json\/wp\/v2\/types\/page"}],"author":[{"embeddable":true,"href":"https:\/\/rigaiff.lv\/lv\/wp-json\/wp\/v2\/users\/21"}],"replies":[{"embeddable":true,"href":"https:\/\/rigaiff.lv\/lv\/wp-json\/wp\/v2\/comments?post=43385"}],"version-history":[{"count":3,"href":"https:\/\/rigaiff.lv\/lv\/wp-json\/wp\/v2\/pages\/43385\/revisions"}],"predecessor-version":[{"id":43435,"href":"https:\/\/rigaiff.lv\/lv\/wp-json\/wp\/v2\/pages\/43385\/revisions\/43435"}],"up":[{"embeddable":true,"href":"https:\/\/rigaiff.lv\/lv\/wp-json\/wp\/v2\/pages\/42741"}],"wp:attachment":[{"href":"https:\/\/rigaiff.lv\/lv\/wp-json\/wp\/v2\/media?parent=43385"}],"curies":[{"name":"wp","href":"https:\/\/api.w.org\/{rel}","templated":true}]}}