{"id":43387,"date":"2025-09-22T17:30:39","date_gmt":"2025-09-22T14:30:39","guid":{"rendered":"https:\/\/rigaiff.lv\/?page_id=43387"},"modified":"2025-10-03T20:42:25","modified_gmt":"2025-10-03T17:42:25","slug":"viskija-izlase","status":"publish","type":"page","link":"https:\/\/rigaiff.lv\/lv\/gids-2025\/viskija-izlase\/","title":{"rendered":"Viskija izlase"},"content":{"rendered":"","protected":false},"excerpt":{"rendered":"","protected":false},"author":21,"featured_media":0,"parent":42741,"menu_order":0,"comment_status":"closed","ping_status":"closed","template":"selection_template_2025.php","meta":{"_acf_changed":false,"inline_featured_image":false,"footnotes":""},"class_list":["post-43387","page","type-page","status-publish","hentry"],"acf":{"logo":"https:\/\/rigaiff.lv\/wp-content\/uploads\/2025\/09\/104503-AFTER_THE_HUNT_-_Julia_Roberts_and_Andrew_Garfield__Credits_Yannis_Drakoulidi_Amazon_MGM_Studios_2025___1_-1-scaled.jpg","logo_url":"","title":"Viskija izlase","tagline":"<p><!--td {border: 1px solid #cccccc;}br {mso-data-placement:same-cell;}-->Spiegu st\u0101sti un teju hi\u010dkokiski trilleri mijas ar v\u0113stures lapaspu\u0161u ekraniz\u0101cij\u0101m un intelektu\u0101l\u0101m sabiedr\u012bbas elites sarun\u0101m, atst\u0101st\u012bt\u0101m pie \u0161ampanie\u0161a gl\u0101zes smalk\u0101s vies\u012bb\u0101s vai m\u0101kslas aprindu apartamentos. Tie ir v\u0113rien\u012bgi ekr\u0101na darbi, kurus vieno briedums, sp\u0113c\u012bgu person\u012bbu balsis un \u0160veices pulkste\u0146a precizit\u0101tei piel\u012bdzin\u0101ms ritms.<\/p>\n","films":[42748,42582,41312,41530,41327,40985,41378]},"_links":{"self":[{"href":"https:\/\/rigaiff.lv\/lv\/wp-json\/wp\/v2\/pages\/43387","targetHints":{"allow":["GET"]}}],"collection":[{"href":"https:\/\/rigaiff.lv\/lv\/wp-json\/wp\/v2\/pages"}],"about":[{"href":"https:\/\/rigaiff.lv\/lv\/wp-json\/wp\/v2\/types\/page"}],"author":[{"embeddable":true,"href":"https:\/\/rigaiff.lv\/lv\/wp-json\/wp\/v2\/users\/21"}],"replies":[{"embeddable":true,"href":"https:\/\/rigaiff.lv\/lv\/wp-json\/wp\/v2\/comments?post=43387"}],"version-history":[{"count":4,"href":"https:\/\/rigaiff.lv\/lv\/wp-json\/wp\/v2\/pages\/43387\/revisions"}],"predecessor-version":[{"id":43780,"href":"https:\/\/rigaiff.lv\/lv\/wp-json\/wp\/v2\/pages\/43387\/revisions\/43780"}],"up":[{"embeddable":true,"href":"https:\/\/rigaiff.lv\/lv\/wp-json\/wp\/v2\/pages\/42741"}],"wp:attachment":[{"href":"https:\/\/rigaiff.lv\/lv\/wp-json\/wp\/v2\/media?parent=43387"}],"curies":[{"name":"wp","href":"https:\/\/api.w.org\/{rel}","templated":true}]}}