{"id":43389,"date":"2025-09-22T17:20:02","date_gmt":"2025-09-22T14:20:02","guid":{"rendered":"https:\/\/rigaiff.lv\/?page_id=43389"},"modified":"2025-09-23T01:36:52","modified_gmt":"2025-09-22T22:36:52","slug":"makslas-merogi","status":"publish","type":"page","link":"https:\/\/rigaiff.lv\/lv\/gids-2025\/makslas-merogi\/","title":{"rendered":"M\u0101kslas m\u0113rogi"},"content":{"rendered":"","protected":false},"excerpt":{"rendered":"","protected":false},"author":21,"featured_media":0,"parent":42741,"menu_order":0,"comment_status":"closed","ping_status":"closed","template":"selection_template_2025.php","meta":{"_acf_changed":false,"inline_featured_image":false,"footnotes":""},"class_list":["post-43389","page","type-page","status-publish","hentry"],"acf":{"logo":"https:\/\/rigaiff.lv\/wp-content\/uploads\/2025\/09\/HEARTS-OF-DARKNESS-Still-36-scaled.jpg","logo_url":"","title":"M\u0101kslas m\u0113rogi","tagline":"<p><!--td {border: 1px solid #cccccc;}br {mso-data-placement:same-cell;}-->Kino sapl\u016bde ar citiem m\u0101kslas veidiem \u2013 cirku, performanci, arhitekt\u016bru un m\u016bziku \u2013, kas atgrie\u017eas pie pa\u0161a kino veidot\u0101ja portreta, iem\u016b\u017ein\u0101ta uz liel\u0101 ekr\u0101na. \u0160ie darbi ir unik\u0101li m\u0101kslas m\u0113roga un m\u0101kslinieka es\u012bbas fiks\u0113jumi, kas atg\u0101dina, k\u0101p\u0113c rad\u012bt.<\/p>\n","films":[41393,42472,41854,40969,42789,41378]},"_links":{"self":[{"href":"https:\/\/rigaiff.lv\/lv\/wp-json\/wp\/v2\/pages\/43389","targetHints":{"allow":["GET"]}}],"collection":[{"href":"https:\/\/rigaiff.lv\/lv\/wp-json\/wp\/v2\/pages"}],"about":[{"href":"https:\/\/rigaiff.lv\/lv\/wp-json\/wp\/v2\/types\/page"}],"author":[{"embeddable":true,"href":"https:\/\/rigaiff.lv\/lv\/wp-json\/wp\/v2\/users\/21"}],"replies":[{"embeddable":true,"href":"https:\/\/rigaiff.lv\/lv\/wp-json\/wp\/v2\/comments?post=43389"}],"version-history":[{"count":5,"href":"https:\/\/rigaiff.lv\/lv\/wp-json\/wp\/v2\/pages\/43389\/revisions"}],"predecessor-version":[{"id":43448,"href":"https:\/\/rigaiff.lv\/lv\/wp-json\/wp\/v2\/pages\/43389\/revisions\/43448"}],"up":[{"embeddable":true,"href":"https:\/\/rigaiff.lv\/lv\/wp-json\/wp\/v2\/pages\/42741"}],"wp:attachment":[{"href":"https:\/\/rigaiff.lv\/lv\/wp-json\/wp\/v2\/media?parent=43389"}],"curies":[{"name":"wp","href":"https:\/\/api.w.org\/{rel}","templated":true}]}}