{"id":43391,"date":"2025-09-22T17:48:24","date_gmt":"2025-09-22T14:48:24","guid":{"rendered":"https:\/\/rigaiff.lv\/?page_id=43391"},"modified":"2025-09-22T21:17:19","modified_gmt":"2025-09-22T18:17:19","slug":"aktualas-kino-virsotnes","status":"publish","type":"page","link":"https:\/\/rigaiff.lv\/lv\/gids-2025\/aktuala-kino-virsotnes\/","title":{"rendered":"Aktu\u0101l\u0101 kino virsotnes"},"content":{"rendered":"","protected":false},"excerpt":{"rendered":"","protected":false},"author":21,"featured_media":0,"parent":42741,"menu_order":0,"comment_status":"closed","ping_status":"closed","template":"selection_template_2025.php","meta":{"_acf_changed":false,"inline_featured_image":false,"footnotes":""},"class_list":["post-43391","page","type-page","status-publish","hentry"],"acf":{"logo":"https:\/\/rigaiff.lv\/wp-content\/uploads\/2025\/09\/A100_1.3.1-1-scaled.jpg","logo_url":"","title":"Aktu\u0101l\u0101 kino virsotnes","tagline":"<p><!--td {border: 1px solid #cccccc;}br {mso-data-placement:same-cell;}-->Festiv\u0101la programm\u0101 iek\u013cauti Eiropas un pasaules presti\u017e\u0101kajos kino festiv\u0101los \u2013 Kann\u0101s, Berlin\u0101l\u0113, Sandens\u0101, Roterdam\u0101 un citos \u2013 godalgotas filmas, k\u0101 ar\u012b vair\u0101ki darbi, kurus to veidot\u0101jvalstis izvirz\u012bju\u0161as kandidat\u016brai ASV Kinoakad\u0113mijas balvas \u201cOskars\u201d lab\u0101k\u0101s \u0101rzemju filmas nomin\u0101cijai.<\/p>\n","films":[41041,41044,41321,41057,42347,41866,42431,42425]},"_links":{"self":[{"href":"https:\/\/rigaiff.lv\/lv\/wp-json\/wp\/v2\/pages\/43391","targetHints":{"allow":["GET"]}}],"collection":[{"href":"https:\/\/rigaiff.lv\/lv\/wp-json\/wp\/v2\/pages"}],"about":[{"href":"https:\/\/rigaiff.lv\/lv\/wp-json\/wp\/v2\/types\/page"}],"author":[{"embeddable":true,"href":"https:\/\/rigaiff.lv\/lv\/wp-json\/wp\/v2\/users\/21"}],"replies":[{"embeddable":true,"href":"https:\/\/rigaiff.lv\/lv\/wp-json\/wp\/v2\/comments?post=43391"}],"version-history":[{"count":5,"href":"https:\/\/rigaiff.lv\/lv\/wp-json\/wp\/v2\/pages\/43391\/revisions"}],"predecessor-version":[{"id":43438,"href":"https:\/\/rigaiff.lv\/lv\/wp-json\/wp\/v2\/pages\/43391\/revisions\/43438"}],"up":[{"embeddable":true,"href":"https:\/\/rigaiff.lv\/lv\/wp-json\/wp\/v2\/pages\/42741"}],"wp:attachment":[{"href":"https:\/\/rigaiff.lv\/lv\/wp-json\/wp\/v2\/media?parent=43391"}],"curies":[{"name":"wp","href":"https:\/\/api.w.org\/{rel}","templated":true}]}}