{"id":43393,"date":"2025-09-22T17:25:21","date_gmt":"2025-09-22T14:25:21","guid":{"rendered":"https:\/\/rigaiff.lv\/?page_id=43393"},"modified":"2025-09-22T22:00:51","modified_gmt":"2025-09-22T19:00:51","slug":"pasaules-ritejumi","status":"publish","type":"page","link":"https:\/\/rigaiff.lv\/lv\/gids-2025\/pasaules-ritejumi\/","title":{"rendered":"Pasaules rit\u0113jumi"},"content":{"rendered":"","protected":false},"excerpt":{"rendered":"","protected":false},"author":21,"featured_media":0,"parent":42741,"menu_order":0,"comment_status":"closed","ping_status":"closed","template":"selection_template_2025.php","meta":{"_acf_changed":false,"inline_featured_image":false,"footnotes":""},"class_list":["post-43393","page","type-page","status-publish","hentry"],"acf":{"logo":"https:\/\/rigaiff.lv\/wp-content\/uploads\/2025\/09\/NORTH-SOUTH-MAN-WOMAN-Still-2025-01-20-122645_1.322.1-scaled.jpg","logo_url":"","title":"Pasaules rit\u0113jumi","tagline":"<p><!--td {border: 1px solid #cccccc;}br {mso-data-placement:same-cell;}-->Filmu izlase, kas izce\u013c kino sp\u0113ju papla\u0161in\u0101t izpratnes horizontus un iepaz\u012bt kult\u016bru da\u017e\u0101d\u012bbu no kinoz\u0101les s\u0113dvietas. \u0160ie darbi aicina izzin\u0101t cilv\u0113kus v\u0113stures un politikas labirintos, k\u0101 ar\u012b un papla\u0161ina izpratni par pasaules daudzpus\u012bgo dabu.<\/p>\n","films":[42678,41509,42685,42674,41402]},"_links":{"self":[{"href":"https:\/\/rigaiff.lv\/lv\/wp-json\/wp\/v2\/pages\/43393","targetHints":{"allow":["GET"]}}],"collection":[{"href":"https:\/\/rigaiff.lv\/lv\/wp-json\/wp\/v2\/pages"}],"about":[{"href":"https:\/\/rigaiff.lv\/lv\/wp-json\/wp\/v2\/types\/page"}],"author":[{"embeddable":true,"href":"https:\/\/rigaiff.lv\/lv\/wp-json\/wp\/v2\/users\/21"}],"replies":[{"embeddable":true,"href":"https:\/\/rigaiff.lv\/lv\/wp-json\/wp\/v2\/comments?post=43393"}],"version-history":[{"count":4,"href":"https:\/\/rigaiff.lv\/lv\/wp-json\/wp\/v2\/pages\/43393\/revisions"}],"predecessor-version":[{"id":43442,"href":"https:\/\/rigaiff.lv\/lv\/wp-json\/wp\/v2\/pages\/43393\/revisions\/43442"}],"up":[{"embeddable":true,"href":"https:\/\/rigaiff.lv\/lv\/wp-json\/wp\/v2\/pages\/42741"}],"wp:attachment":[{"href":"https:\/\/rigaiff.lv\/lv\/wp-json\/wp\/v2\/media?parent=43393"}],"curies":[{"name":"wp","href":"https:\/\/api.w.org\/{rel}","templated":true}]}}