{"id":43395,"date":"2025-09-22T17:20:26","date_gmt":"2025-09-22T14:20:26","guid":{"rendered":"https:\/\/rigaiff.lv\/?page_id=43395"},"modified":"2025-10-06T00:07:11","modified_gmt":"2025-10-05T21:07:11","slug":"smieklu-anatomija","status":"publish","type":"page","link":"https:\/\/rigaiff.lv\/lv\/gids-2025\/smieklu-anatomija\/","title":{"rendered":"Smieklu anatomija"},"content":{"rendered":"","protected":false},"excerpt":{"rendered":"","protected":false},"author":21,"featured_media":0,"parent":42741,"menu_order":0,"comment_status":"closed","ping_status":"closed","template":"selection_template_2025.php","meta":{"_acf_changed":false,"inline_featured_image":false,"footnotes":""},"class_list":["post-43395","page","type-page","status-publish","hentry"],"acf":{"logo":"https:\/\/rigaiff.lv\/wp-content\/uploads\/2025\/09\/TDC_offline_selects-1_hires_grade-1-scaled.jpg","logo_url":"","title":"Smieklu anatomija","tagline":"<p>Filmu izlase pied\u0101v\u0101 aizraujo\u0161u kom\u0113diju kl\u0101stu \u2013 no asas sat\u012bras un viegla humora l\u012bdz izsmalcin\u0101tiem \u0101rthausa slapstikiem un metakom\u0113dij\u0101m \u2013, aicinot izbaud\u012bt \u017eanra daudzveid\u012bbu.<\/p>\n","films":[41312,41057,42398,41041,42797,41509]},"_links":{"self":[{"href":"https:\/\/rigaiff.lv\/lv\/wp-json\/wp\/v2\/pages\/43395","targetHints":{"allow":["GET"]}}],"collection":[{"href":"https:\/\/rigaiff.lv\/lv\/wp-json\/wp\/v2\/pages"}],"about":[{"href":"https:\/\/rigaiff.lv\/lv\/wp-json\/wp\/v2\/types\/page"}],"author":[{"embeddable":true,"href":"https:\/\/rigaiff.lv\/lv\/wp-json\/wp\/v2\/users\/21"}],"replies":[{"embeddable":true,"href":"https:\/\/rigaiff.lv\/lv\/wp-json\/wp\/v2\/comments?post=43395"}],"version-history":[{"count":4,"href":"https:\/\/rigaiff.lv\/lv\/wp-json\/wp\/v2\/pages\/43395\/revisions"}],"predecessor-version":[{"id":43788,"href":"https:\/\/rigaiff.lv\/lv\/wp-json\/wp\/v2\/pages\/43395\/revisions\/43788"}],"up":[{"embeddable":true,"href":"https:\/\/rigaiff.lv\/lv\/wp-json\/wp\/v2\/pages\/42741"}],"wp:attachment":[{"href":"https:\/\/rigaiff.lv\/lv\/wp-json\/wp\/v2\/media?parent=43395"}],"curies":[{"name":"wp","href":"https:\/\/api.w.org\/{rel}","templated":true}]}}