{"id":43397,"date":"2025-09-22T17:30:42","date_gmt":"2025-09-22T14:30:42","guid":{"rendered":"https:\/\/rigaiff.lv\/?page_id=43397"},"modified":"2025-09-22T22:29:37","modified_gmt":"2025-09-22T19:29:37","slug":"dabas-balsis","status":"publish","type":"page","link":"https:\/\/rigaiff.lv\/lv\/gids-2025\/dabas-balsis\/","title":{"rendered":"Dabas balsis"},"content":{"rendered":"","protected":false},"excerpt":{"rendered":"","protected":false},"author":21,"featured_media":0,"parent":42741,"menu_order":0,"comment_status":"closed","ping_status":"closed","template":"selection_template_2025.php","meta":{"_acf_changed":false,"inline_featured_image":false,"footnotes":""},"class_list":["post-43397","page","type-page","status-publish","hentry"],"acf":{"logo":"https:\/\/rigaiff.lv\/wp-content\/uploads\/2025\/09\/ALL-BIRDS-SING-BEAUTIFULLY-\u2013-Still-2025-09-11-135217_1.484.1-scaled.jpg","logo_url":"","title":"Dabas balsis","tagline":"<p><!--td {border: 1px solid #cccccc;}br {mso-data-placement:same-cell;}-->Filmas, kuru centr\u0101 ir ekolo\u0123ija un daba \u2013 t\u0101s v\u0113rt\u012bbas, st\u0101sti un pieredzes, kas vienlaikus iedvesmo un rosina p\u0101rdomas. Netr\u016bkst ar\u012b skaudr\u0101ku atg\u0101din\u0101jumu par to, kas notiks, ja uzgriez\u012bsim dabai muguru.<\/p>\n","films":[42678,42464,41509,42746,41911,42795]},"_links":{"self":[{"href":"https:\/\/rigaiff.lv\/lv\/wp-json\/wp\/v2\/pages\/43397","targetHints":{"allow":["GET"]}}],"collection":[{"href":"https:\/\/rigaiff.lv\/lv\/wp-json\/wp\/v2\/pages"}],"about":[{"href":"https:\/\/rigaiff.lv\/lv\/wp-json\/wp\/v2\/types\/page"}],"author":[{"embeddable":true,"href":"https:\/\/rigaiff.lv\/lv\/wp-json\/wp\/v2\/users\/21"}],"replies":[{"embeddable":true,"href":"https:\/\/rigaiff.lv\/lv\/wp-json\/wp\/v2\/comments?post=43397"}],"version-history":[{"count":3,"href":"https:\/\/rigaiff.lv\/lv\/wp-json\/wp\/v2\/pages\/43397\/revisions"}],"predecessor-version":[{"id":43444,"href":"https:\/\/rigaiff.lv\/lv\/wp-json\/wp\/v2\/pages\/43397\/revisions\/43444"}],"up":[{"embeddable":true,"href":"https:\/\/rigaiff.lv\/lv\/wp-json\/wp\/v2\/pages\/42741"}],"wp:attachment":[{"href":"https:\/\/rigaiff.lv\/lv\/wp-json\/wp\/v2\/media?parent=43397"}],"curies":[{"name":"wp","href":"https:\/\/api.w.org\/{rel}","templated":true}]}}