{"id":43399,"date":"2025-09-22T17:27:51","date_gmt":"2025-09-22T14:27:51","guid":{"rendered":"https:\/\/rigaiff.lv\/?page_id=43399"},"modified":"2025-09-22T22:44:40","modified_gmt":"2025-09-22T19:44:40","slug":"milestibas-kaleidoskops","status":"publish","type":"page","link":"https:\/\/rigaiff.lv\/lv\/gids-2025\/milestibas-kaleidoskops\/","title":{"rendered":"M\u012blest\u012bbas kaleidoskops"},"content":{"rendered":"","protected":false},"excerpt":{"rendered":"","protected":false},"author":21,"featured_media":0,"parent":42741,"menu_order":0,"comment_status":"closed","ping_status":"closed","template":"selection_template_2025.php","meta":{"_acf_changed":false,"inline_featured_image":false,"footnotes":""},"class_list":["post-43399","page","type-page","status-publish","hentry"],"acf":{"logo":"https:\/\/rigaiff.lv\/wp-content\/uploads\/2025\/09\/Still06-SAUNA-credit-Nicolai-Lok-1.jpg","logo_url":"","title":"M\u012blest\u012bbas kaleidoskops","tagline":"<p><!--td {border: 1px solid #cccccc;}br {mso-data-placement:same-cell;}-->No trausliem pirmo attiec\u012bbu un kv\u012bru m\u012blasst\u0101stiem l\u012bdz &#8220;atrast\u0101s \u0123imenes&#8221; sp\u0113kam, tabuiz\u0113tai \u0123imenes locek\u013cu tuv\u012bbai un kaisl\u012bg\u0101m, disfunkcion\u0101l\u0101m romanc\u0113m \u2013 \u0161ajos st\u0101stos atkl\u0101jas, mierina un izaicina visda\u017e\u0101d\u0101k\u0101s m\u012blest\u012bbas sejas.<\/p>\n","films":[41069,41044,42793,42347,42791,41404]},"_links":{"self":[{"href":"https:\/\/rigaiff.lv\/lv\/wp-json\/wp\/v2\/pages\/43399","targetHints":{"allow":["GET"]}}],"collection":[{"href":"https:\/\/rigaiff.lv\/lv\/wp-json\/wp\/v2\/pages"}],"about":[{"href":"https:\/\/rigaiff.lv\/lv\/wp-json\/wp\/v2\/types\/page"}],"author":[{"embeddable":true,"href":"https:\/\/rigaiff.lv\/lv\/wp-json\/wp\/v2\/users\/21"}],"replies":[{"embeddable":true,"href":"https:\/\/rigaiff.lv\/lv\/wp-json\/wp\/v2\/comments?post=43399"}],"version-history":[{"count":3,"href":"https:\/\/rigaiff.lv\/lv\/wp-json\/wp\/v2\/pages\/43399\/revisions"}],"predecessor-version":[{"id":43445,"href":"https:\/\/rigaiff.lv\/lv\/wp-json\/wp\/v2\/pages\/43399\/revisions\/43445"}],"up":[{"embeddable":true,"href":"https:\/\/rigaiff.lv\/lv\/wp-json\/wp\/v2\/pages\/42741"}],"wp:attachment":[{"href":"https:\/\/rigaiff.lv\/lv\/wp-json\/wp\/v2\/media?parent=43399"}],"curies":[{"name":"wp","href":"https:\/\/api.w.org\/{rel}","templated":true}]}}