{"id":43774,"date":"2025-09-22T17:10:00","date_gmt":"2025-09-22T14:10:00","guid":{"rendered":"https:\/\/rigaiff.lv\/?page_id=43774"},"modified":"2025-10-06T00:17:34","modified_gmt":"2025-10-05T21:17:34","slug":"seansi-ar-veidotaju-dalibu","status":"publish","type":"page","link":"https:\/\/rigaiff.lv\/lv\/gids-2025\/seansi-ar-veidotaju-dalibu\/","title":{"rendered":"Seansi ar filmas p\u0101rst\u0101vju dal\u012bbu"},"content":{"rendered":"","protected":false},"excerpt":{"rendered":"","protected":false},"author":21,"featured_media":0,"parent":42741,"menu_order":0,"comment_status":"closed","ping_status":"closed","template":"selection_template_2025.php","meta":{"_acf_changed":false,"inline_featured_image":false,"footnotes":""},"class_list":["post-43774","page","type-page","status-publish","hentry"],"acf":{"logo":"https:\/\/rigaiff.lv\/wp-content\/uploads\/2025\/10\/DSC09929-Enhanced-NR.jpg","logo_url":"","title":"Seansi ar filmas p\u0101rst\u0101vju dal\u012bbu","tagline":"<p><!--td {border: 1px solid #cccccc;}br {mso-data-placement:same-cell;}-->Viena no kinofestiv\u0101la seansu unik\u0101laj\u0101m iez\u012bm\u0113m, kas \u0161o skat\u012b\u0161an\u0101s pieredzi at\u0161\u0137ir no ikdienas kino apmekl\u0113juma, ir iesp\u0113ja satikt filmu rado\u0161\u0101s komandas un uzzin\u0101t vair\u0101k par darbu tap\u0161anas procesu. Izlas\u0113 apkopotas filmas, kuru seansos kl\u0101teso\u0161i b\u016bs ar\u012b filmas p\u0101rst\u0101vji \u2013 re\u017eisori, producenti, aktieri vai citi viesi.<\/p>\n","films":[41057,41402,41024,40524,42678,42685,42662,42464,42467,42680,42472,42476,40526,41810]},"_links":{"self":[{"href":"https:\/\/rigaiff.lv\/lv\/wp-json\/wp\/v2\/pages\/43774","targetHints":{"allow":["GET"]}}],"collection":[{"href":"https:\/\/rigaiff.lv\/lv\/wp-json\/wp\/v2\/pages"}],"about":[{"href":"https:\/\/rigaiff.lv\/lv\/wp-json\/wp\/v2\/types\/page"}],"author":[{"embeddable":true,"href":"https:\/\/rigaiff.lv\/lv\/wp-json\/wp\/v2\/users\/21"}],"replies":[{"embeddable":true,"href":"https:\/\/rigaiff.lv\/lv\/wp-json\/wp\/v2\/comments?post=43774"}],"version-history":[{"count":4,"href":"https:\/\/rigaiff.lv\/lv\/wp-json\/wp\/v2\/pages\/43774\/revisions"}],"predecessor-version":[{"id":43789,"href":"https:\/\/rigaiff.lv\/lv\/wp-json\/wp\/v2\/pages\/43774\/revisions\/43789"}],"up":[{"embeddable":true,"href":"https:\/\/rigaiff.lv\/lv\/wp-json\/wp\/v2\/pages\/42741"}],"wp:attachment":[{"href":"https:\/\/rigaiff.lv\/lv\/wp-json\/wp\/v2\/media?parent=43774"}],"curies":[{"name":"wp","href":"https:\/\/api.w.org\/{rel}","templated":true}]}}