{"id":4568,"date":"2018-08-19T13:18:40","date_gmt":"2018-08-19T10:18:40","guid":{"rendered":"http:\/\/rigaiff.lv\/2018\/?page_id=4568"},"modified":"2018-09-25T15:49:08","modified_gmt":"2018-09-25T12:49:08","slug":"kids-weekend-data-2","status":"publish","type":"page","link":"https:\/\/rigaiff.lv\/lv\/programmes\/kids-weekend-data-2\/","title":{"rendered":"Kids Weekend pilnmetr\u0101\u017eas filmas"},"content":{"rendered":"","protected":false},"excerpt":{"rendered":"","protected":false},"author":1,"featured_media":7555,"parent":3674,"menu_order":0,"comment_status":"closed","ping_status":"closed","template":"","meta":{"_acf_changed":false,"inline_featured_image":false,"footnotes":""},"class_list":["post-4568","page","type-page","status-publish","has-post-thumbnail","hentry"],"acf":{"image":"https:\/\/rigaiff.lv\/wp-content\/uploads\/2018\/09\/Kids-Weekend-Pilnemtraza-Features-hor.jpg","title":"Pilnmetr\u0101\u017eas filmas da\u017e\u0101da vecuma jaun\u0101kajiem skat\u012bt\u0101jiem","description":"<p>\u010cetras r\u016bp\u012bgi izv\u0113l\u0113tas pilnmetr\u0101\u017eas lentes, kas jaun\u0101kajiem kino skat\u012bt\u0101jiem pal\u012bdz\u0113s iem\u012bl\u0113ties lielaj\u0101 ekr\u0101n\u0101, m\u0101c\u012bs sekot st\u0101sta att\u012bst\u012bbai un dos daudz materi\u0101la p\u0101rdom\u0101m un iedvesmai, \u2014 un tas viss atrodoties komfortabl\u0101 vienaud\u017eu ielenkum\u0101!<\/p>\n","screening_in":"","screenings":false,"films_title":"","image_after_description":false,"youtube_url":"","tba":"","jury_title":"","jury":false,"participants_title":"","participants":false},"_links":{"self":[{"href":"https:\/\/rigaiff.lv\/lv\/wp-json\/wp\/v2\/pages\/4568","targetHints":{"allow":["GET"]}}],"collection":[{"href":"https:\/\/rigaiff.lv\/lv\/wp-json\/wp\/v2\/pages"}],"about":[{"href":"https:\/\/rigaiff.lv\/lv\/wp-json\/wp\/v2\/types\/page"}],"author":[{"embeddable":true,"href":"https:\/\/rigaiff.lv\/lv\/wp-json\/wp\/v2\/users\/1"}],"replies":[{"embeddable":true,"href":"https:\/\/rigaiff.lv\/lv\/wp-json\/wp\/v2\/comments?post=4568"}],"version-history":[{"count":0,"href":"https:\/\/rigaiff.lv\/lv\/wp-json\/wp\/v2\/pages\/4568\/revisions"}],"up":[{"embeddable":true,"href":"https:\/\/rigaiff.lv\/lv\/wp-json\/wp\/v2\/pages\/3674"}],"wp:featuredmedia":[{"embeddable":true,"href":"https:\/\/rigaiff.lv\/lv\/wp-json\/wp\/v2\/media\/7555"}],"wp:attachment":[{"href":"https:\/\/rigaiff.lv\/lv\/wp-json\/wp\/v2\/media?parent=4568"}],"curies":[{"name":"wp","href":"https:\/\/api.w.org\/{rel}","templated":true}]}}