{"id":4841,"date":"2018-08-30T11:24:03","date_gmt":"2018-08-30T08:24:03","guid":{"rendered":"https:\/\/rigaiff.lv\/2018\/?page_id=4841"},"modified":"2018-09-25T22:25:02","modified_gmt":"2018-09-25T19:25:02","slug":"short-riga-international-competition-data","status":"publish","type":"page","link":"https:\/\/rigaiff.lv\/lv\/programmes\/short-riga-international-competition-data\/","title":{"rendered":"SHORT RIGA &#8211; International Competition &#8211; DATA"},"content":{"rendered":"","protected":false},"excerpt":{"rendered":"","protected":false},"author":1,"featured_media":6028,"parent":3674,"menu_order":0,"comment_status":"closed","ping_status":"closed","template":"","meta":{"_acf_changed":false,"inline_featured_image":false,"footnotes":""},"class_list":["post-4841","page","type-page","status-publish","has-post-thumbnail","hentry"],"acf":{"image":"https:\/\/rigaiff.lv\/wp-content\/uploads\/2018\/09\/SR-International-Competition-Hor.jpg","title":"SHORT RIGA: International Competition","description":"<p>SHORT RIGA starptautiskajam konkursam \u0161ogad pieteikts nepieredz\u0113ti liels filmu skaits. Noskat\u012bties vair\u0101k nek\u0101 divus t\u016bksto\u0161us filmu no visas pasaules nebija viegls, toties iedvesmojo\u0161s un daudz jauna atkl\u0101jo\u0161s darba process, kura gait\u0101 atlas\u012bj\u0101m 35 filmas no 24 valst\u012bm.<\/p>\n<p>Da\u017ek\u0101rt ir gr\u016bti paskaidrot, kas aizkustina, k\u0101p\u0113c k\u0101da konkr\u0113ta filma \u0161\u0137iet \u012bpa\u0161a. Citk\u0101rt filma nep\u0101rprotami izce\u013cas p\u0101r\u0113jo vid\u016b. M\u0113dz b\u016bt ar\u012b t\u0101das, kuru v\u0113rt\u012bba atsedzas tikai p\u0113c atk\u0101rtotas noskat\u012b\u0161an\u0101s.<\/p>\n<p>M\u0113s mekl\u0113j\u0101m ori\u0123in\u0101las un personiskas balsis tradicion\u0101laj\u0101 dokument\u0101laj\u0101 kino, sp\u0113lfilm\u0101s un eksperiment\u0101laj\u0101 anim\u0101cij\u0101. Ceram, ka atrastais j\u016bs iepriecin\u0101s!<\/p>\n","image_after_description":false,"films_title":"Konkursa seansi","screening_in":"","screenings":false,"youtube_url":"","atbalsta":false,"jury_title":"","jury":false,"participants_title":"","participants":false},"_links":{"self":[{"href":"https:\/\/rigaiff.lv\/lv\/wp-json\/wp\/v2\/pages\/4841","targetHints":{"allow":["GET"]}}],"collection":[{"href":"https:\/\/rigaiff.lv\/lv\/wp-json\/wp\/v2\/pages"}],"about":[{"href":"https:\/\/rigaiff.lv\/lv\/wp-json\/wp\/v2\/types\/page"}],"author":[{"embeddable":true,"href":"https:\/\/rigaiff.lv\/lv\/wp-json\/wp\/v2\/users\/1"}],"replies":[{"embeddable":true,"href":"https:\/\/rigaiff.lv\/lv\/wp-json\/wp\/v2\/comments?post=4841"}],"version-history":[{"count":0,"href":"https:\/\/rigaiff.lv\/lv\/wp-json\/wp\/v2\/pages\/4841\/revisions"}],"up":[{"embeddable":true,"href":"https:\/\/rigaiff.lv\/lv\/wp-json\/wp\/v2\/pages\/3674"}],"wp:featuredmedia":[{"embeddable":true,"href":"https:\/\/rigaiff.lv\/lv\/wp-json\/wp\/v2\/media\/6028"}],"wp:attachment":[{"href":"https:\/\/rigaiff.lv\/lv\/wp-json\/wp\/v2\/media?parent=4841"}],"curies":[{"name":"wp","href":"https:\/\/api.w.org\/{rel}","templated":true}]}}