{"id":4894,"date":"2018-08-30T14:48:56","date_gmt":"2018-08-30T11:48:56","guid":{"rendered":"https:\/\/rigaiff.lv\/2018\/?page_id=4894"},"modified":"2025-09-01T14:58:48","modified_gmt":"2025-09-01T11:58:48","slug":"riga-iff-volunteer-registration-form-page","status":"publish","type":"page","link":"https:\/\/rigaiff.lv\/lv\/volunteers","title":{"rendered":"K\u013c\u016bsti par da\u013cu no komandas"},"content":{"rendered":"<p><\/p>\n<p>Lai nodro\u0161in\u0101tu nevainojamu RIGA IFF filmu programmas un pas\u0101kumu norisi, festiv\u0101la pamatkomandai ik gadu pievienojas vair\u0101k nek\u0101 simts br\u012bvpr\u0101t\u012bg\u0101 darba veic\u0113ju. T\u0101 ir iesp\u0113ja papildin\u0101t savu pieredzi un apliecin\u0101t prasmes gan studentiem un vidusskol\u0113niem, gan citiem, kas mekl\u0113 p\u0101rmai\u0146as savos ikdienas pien\u0101kumos.<\/p>\n<p>Pieteik\u0161an\u0101s br\u012bvpr\u0101t\u012bgajam darbam RIGA IFF 2025 ir nosl\u0113gusies.<\/p>\n                    <div class=\"row justify-content-center buttonrow shortcode_buttonrow\">\n\n                \n                    <div class=\"w-auto shortcode_buttonrow_single_wrap\">\n                                                    <a href=\"https:\/\/forms.gle\/LfNY4X4JdkPwXBQ4A\" class=\" soon_btn\" target=\"_blank\" rel=\"noopener\"><div class=\"ticketbox_intickets\">\n\n                                        Pieteik\u0161an\u0101s sl\u0113gta\n                                    <\/div><\/a>\n\n                    <\/div>\n                            <\/div>\n\n        \n    \n<p>Aicin\u0101m pieteikties br\u012bvpr\u0101t\u012bgajam darbam:<\/p>\n<p>\u2014 filmu seansos (vietu ier\u0101d\u012b\u0161ana, skat\u012bt\u0101ju pl\u016bsmas koordin\u0113\u0161ana);<br \/>\n\u2014 festiv\u0101la inform\u0101cijas centr\u0101 (kl\u0101tienes pal\u012bdz\u012bba apmekl\u0113t\u0101jiem, akredit\u0101ciju izsnieg\u0161ana);<br \/>\n\u2014 viesu servis\u0101 (apmekl\u0113t\u0101ju sagaid\u012b\u0161ana, datu ievade);<br \/>\n\u2014 \u017e\u016briju, ekspertu un viesu koordin\u0113\u0161an\u0101;<br \/>\n\u2014 organizatoriski tehniskajos darbos (telpu iek\u0101rto\u0161ana, t. sk. priek\u0161metu p\u0101rn\u0113s\u0101\u0161ana u. c. uzdevumi);<br \/>\n\u2014 pas\u0101kumu norises nodro\u0161in\u0101\u0161an\u0101 (telpu sagatavo\u0161ana, viesu re\u0123istr\u0101cija u.\u00a0c. uzdevumi);<br \/>\n\u2014 drukas materi\u0101lu izvieto\u0161an\u0101, izplat\u012b\u0161an\u0101 (pirms festiv\u0101la un festiv\u0101la norises laik\u0101)<br \/>\n\u2014 festiv\u0101la fotoreport\u0101\u017eu izveid\u0113 (pretendentiem b\u016bs nepiecie\u0161ams ies\u016bt\u012bt portfolio)<br \/>\n\u2014 kaligr\u0101fij\u0101<br \/>\n\u2014 un cit\u0101s jom\u0101s, kur svar\u012bga uzticam\u012bba un izdar\u012bba, ass pr\u0101ts, draudz\u012bgums un stipras rokas.<\/p>\n<p>Piesakoties br\u012bvpr\u0101t\u012bgajam darbam, iesp\u0113jams izv\u0113l\u0113ties iesaistes periodu un, ja izv\u0113l\u0113t\u0101 joma to pie\u013cauj, r\u012bta, dienas vai vakara mai\u0146u. Da\u013ca darbu s\u0101kas jau septembr\u012b, bet visliel\u0101k\u0101 br\u012bvpr\u0101t\u012bgo pal\u012bgu iesaiste paredzama festiv\u0101la norises laik\u0101 no 16. l\u012bdz 26. oktobrim.<\/p>\n<p>RIGA IFF komandu vieno kop\u012bga misija \u2013 veicin\u0101t inteli\u0123entas, atv\u0113rtas un akt\u012bvas sabiedr\u012bbas att\u012bst\u012bbu. Katram RIGA IFF br\u012bvpr\u0101t\u012bgajam pal\u012bgam tiek dota iesp\u0113ja apvienot pien\u0101kumu veik\u0161anu ar festiv\u0101la programmas baud\u012b\u0161anu. Pieteikties var ikviens interesents, kas sasniedzis 16 gadu vecumu un br\u012bvpr\u0101t\u012bgaj\u0101 darb\u0101 var\u0113s ieguld\u012bt vismaz 25 darba stundas. P\u0113c anketas aizpild\u012b\u0161anas kandid\u0101ti tiks aicin\u0101ti uz intervij\u0101m, vair\u0101k\u0101s darb\u012bbas jom\u0101s notiks ar\u012b apm\u0101c\u012bbas.<\/p>\n<p>Jaut\u0101jumu gad\u012bjum\u0101 l\u016bgums sazin\u0101ties, rakstot uz <a href=\"mailto:volunteers@rigaiff.lv\">volunteers@rigaiff.lv<\/a>.<\/p>\n<p><\/p>","protected":false},"excerpt":{"rendered":"<p><\/p>\n<p>Lai nodro\u0161in\u0101tu nevainojamu RIGA IFF filmu programmas un pas\u0101kumu norisi, festiv\u0101la pamatkomandai ik gadu pievienojas vair\u0101k nek\u0101 simts br\u012bvpr\u0101t\u012bg\u0101 darba veic\u0113ju. T\u0101 ir iesp\u0113ja papildin\u0101t savu pieredzi un apliecin\u0101t prasmes gan studentiem un vidusskol\u0113niem, gan citiem, kas mekl\u0113 p\u0101rmai\u0146as savos ikdienas pien\u0101kumos.<\/p>\n<p>Pieteik\u0161an\u0101s br\u012bvpr\u0101t\u012bgajam darbam RIGA IFF 2025 ir nosl\u0113gusies.<\/p>\n\n<p>Aicin\u0101m pieteikties br\u012bvpr\u0101t\u012bgajam darbam:<\/p>\n<p>\u2014 filmu seansos (vietu ier\u0101d\u012b\u0161ana, skat\u012bt\u0101ju pl\u016bsmas koordin\u0113\u0161ana);<br \/>\n\u2014 festiv\u0101la inform\u0101cijas centr\u0101 (kl\u0101tienes pal\u012bdz\u012bba apmekl\u0113t\u0101jiem, akredit\u0101ciju izsnieg\u0161ana);<br \/>\n\u2014 viesu servis\u0101 (apmekl\u0113t\u0101ju sagaid\u012b\u0161ana, datu ievade);<br \/>\n\u2014 \u017e\u016briju, ekspertu un viesu koordin\u0113\u0161an\u0101;<br \/>\n\u2014 organizatoriski tehniskajos darbos (telpu iek\u0101rto\u0161ana, t. sk. priek\u0161metu p\u0101rn\u0113s\u0101\u0161ana u. c. uzdevumi);<br \/>\n\u2014 pas\u0101kumu norises nodro\u0161in\u0101\u0161an\u0101 (telpu sagatavo\u0161ana, viesu re\u0123istr\u0101cija u.\u00a0c. uzdevumi);<\/p>","protected":false},"author":1,"featured_media":0,"parent":0,"menu_order":0,"comment_status":"closed","ping_status":"closed","template":"volunteers.php","meta":{"_acf_changed":false,"inline_featured_image":false,"footnotes":""},"class_list":["post-4894","page","type-page","status-publish","hentry"],"acf":{"buttons":[{"text":"Pieteik\u0161an\u0101s sl\u0113gta","url":"https:\/\/forms.gle\/LfNY4X4JdkPwXBQ4A","disabled":false,"soon":true,"black_arrow":false,"white_arrow":false,"show_films_2023_count":false}],"vertical":false,"horizontal":"https:\/\/rigaiff.lv\/wp-content\/uploads\/2025\/07\/STR7936-e1753947514195.jpg","copyright":""},"_links":{"self":[{"href":"https:\/\/rigaiff.lv\/lv\/wp-json\/wp\/v2\/pages\/4894","targetHints":{"allow":["GET"]}}],"collection":[{"href":"https:\/\/rigaiff.lv\/lv\/wp-json\/wp\/v2\/pages"}],"about":[{"href":"https:\/\/rigaiff.lv\/lv\/wp-json\/wp\/v2\/types\/page"}],"author":[{"embeddable":true,"href":"https:\/\/rigaiff.lv\/lv\/wp-json\/wp\/v2\/users\/1"}],"replies":[{"embeddable":true,"href":"https:\/\/rigaiff.lv\/lv\/wp-json\/wp\/v2\/comments?post=4894"}],"version-history":[{"count":22,"href":"https:\/\/rigaiff.lv\/lv\/wp-json\/wp\/v2\/pages\/4894\/revisions"}],"predecessor-version":[{"id":42470,"href":"https:\/\/rigaiff.lv\/lv\/wp-json\/wp\/v2\/pages\/4894\/revisions\/42470"}],"wp:attachment":[{"href":"https:\/\/rigaiff.lv\/lv\/wp-json\/wp\/v2\/media?parent=4894"}],"curies":[{"name":"wp","href":"https:\/\/api.w.org\/{rel}","templated":true}]}}