{"id":7516,"date":"2018-09-27T11:45:27","date_gmt":"2018-09-27T08:45:27","guid":{"rendered":"https:\/\/rigaiff.lv\/2018\/?page_id=7516"},"modified":"2025-09-23T19:10:18","modified_gmt":"2025-09-23T16:10:18","slug":"tickets-2","status":"publish","type":"page","link":"https:\/\/rigaiff.lv\/lv\/my-festival","title":{"rendered":"Mans festiv\u0101ls"},"content":{"rendered":"","protected":false},"excerpt":{"rendered":"","protected":false},"author":1,"featured_media":0,"parent":0,"menu_order":0,"comment_status":"closed","ping_status":"closed","template":"my-festival-2025-cal.php","meta":{"_acf_changed":false,"inline_featured_image":false,"footnotes":""},"class_list":["post-7516","page","type-page","status-publish","hentry"],"acf":{"column":[{"image":"https:\/\/rigaiff.lv\/wp-content\/uploads\/2018\/08\/TICKETS.png","content":"<p><strong>Splendid Palace<\/strong><\/p>\n<hr \/>\n<table style=\"height: 48px; width: 100%; border-collapse: collapse;\" border=\"0\">\n<tbody>\n<tr style=\"height: 24px;\">\n<td style=\"width: 90%; height: 24px;\">Seansi plkst. 19.00<\/td>\n<td style=\"width: 10%; height: 24px; text-align: right;\">7.\u2013<\/td>\n<\/tr>\n<tr style=\"height: 24px;\">\n<td style=\"width: 50%; height: 24px;\">Citi seansi<\/td>\n<td style=\"width: 50%; height: 24px; text-align: right;\">5.\u2013<\/td>\n<\/tr>\n<\/tbody>\n<\/table>\n<p>&nbsp;<\/p>\n<p><strong>K. Suns, Kino Bize un LNB<\/strong><\/p>\n<hr \/>\n<table style=\"height: 24px; width: 100%; border-collapse: collapse;\" border=\"0\">\n<tbody>\n<tr style=\"height: 24px;\">\n<td style=\"width: 90%; height: 24px;\">Bi\u013cete<\/td>\n<td style=\"width: 10%; height: 24px; text-align: right;\">5.\u2013<\/td>\n<\/tr>\n<\/tbody>\n<\/table>\n<p>&nbsp;<\/p>\n<p><strong>Kids Weekend<\/strong><\/p>\n<hr \/>\n<table style=\"height: 48px; width: 100%; border-collapse: collapse;\" border=\"0\">\n<tbody>\n<tr style=\"height: 24px;\">\n<td style=\"width: 90%; height: 24px;\">Bi\u013cete<\/td>\n<td style=\"width: 10%; height: 24px; text-align: right;\">3.\u2013<\/td>\n<\/tr>\n<tr style=\"height: 24px;\">\n<td style=\"width: 50%; height: 24px;\">\u0122imenes bi\u013cete (4 pers.)<\/td>\n<td style=\"width: 50%; height: 24px; text-align: right;\">10.\u2013<\/td>\n<\/tr>\n<\/tbody>\n<\/table>\n<p>&nbsp;<\/p>\n<p><strong>Short Riga<\/strong><\/p>\n<hr \/>\n<table style=\"height: 24px; width: 100%; border-collapse: collapse;\" border=\"0\">\n<tbody>\n<tr style=\"height: 24px;\">\n<td style=\"width: 90%; height: 24px;\">Bi\u013cete<\/td>\n<td style=\"width: 10%; height: 24px; text-align: right;\">4.\u2013<\/td>\n<\/tr>\n<\/tbody>\n<\/table>\n<p>&nbsp;<\/p>\n","button_text":"No 26. septembra","button_url":"","disabled":true,"image_2":false,"content_2":"","button_text_2":"","button_url_2":"","disabled_2":false,"image_3":false,"content_3":"","button_text_3":"","button_url_3":"","disabled_3":false,"image_4":false,"content_4":"","button_text_4":"","button_url_4":"","disabled_4":false},{"image":"https:\/\/rigaiff.lv\/wp-content\/uploads\/2018\/08\/PACKS.png","content":"<p><strong>10-BI\u013bE\u0160U KOMPLEKTS<\/strong><\/p>\n<hr \/>\n<table style=\"height: 24px; width: 100%; border-collapse: collapse;\" border=\"0\">\n<tbody>\n<tr style=\"height: 24px;\">\n<td style=\"width: 90%; height: 24px;\">Komplekts<\/td>\n<td style=\"width: 10%; height: 24px; text-align: right;\">30.\u2013<\/td>\n<\/tr>\n<\/tbody>\n<\/table>\n<p>50 ekskluz\u012bvi desmit-bi\u013ce\u0161u komplekti, kas pieejami tikai no 22.-31.maijam! Tikl\u012bdz festiv\u0101la seansu bi\u013cetes b\u016bs p\u0101rdo\u0161an\u0101, \u0161is bi\u013ce\u0161u komplekts dos iesp\u0113ju rezerv\u0113t jebkurus 10 seansus no visa kinofestiv\u0101la repertu\u0101ra, iz\u0146emot atkl\u0101\u0161anas seansu.<\/p>\n<p>\u0160ogad festiv\u0101l\u0101 tiks izr\u0101d\u012btas vair\u0101k nek\u0101 150 sp\u0113lfilmas, dokument\u0101l\u0101s filmas un \u012bsfilmas un \u0161\u012b ir \u012bpa\u0161a iesp\u0113ja padar\u012bt festiv\u0101la apmekl\u0113jumu iev\u0113rojami izdev\u012bg\u0101ku. Komplektu ieg\u0101d\u0101jies \u0161eit vai \u201c<a href=\"https:\/\/www.bilesuserviss.lv\">Bi\u013ce\u0161u serviss<\/a>\u201d kas\u0113s vis\u0101 Latvij\u0101.<\/p>\n<p><a href=\"https:\/\/rigaiff.lv\/2018\/lv\/industry-pass-terms-and-conditions\/\">Nosac\u012bjumi un instrukcija<\/a><\/p>\n","button_text":"Izp\u0101rdots","button_url":"http:\/\/www.rigaiff.lv","disabled":true,"image_2":false,"content_2":"","button_text_2":"","button_url_2":"","disabled_2":false,"image_3":false,"content_3":"","button_text_3":"","button_url_3":"","disabled_3":false,"image_4":false,"content_4":"","button_text_4":"","button_url_4":"","disabled_4":false},{"image":"https:\/\/rigaiff.lv\/wp-content\/uploads\/2018\/08\/PASSES.png","content":"<p><strong>Akredit\u0101cija<\/strong><\/p>\n<hr \/>\n<table style=\"height: 24px; width: 100%; border-collapse: collapse;\" border=\"0\">\n<tbody>\n<tr style=\"height: 24px;\">\n<td style=\"width: 90%; height: 24px;\">Industrijas caurlaide<\/td>\n<td style=\"width: 10%; height: 24px; text-align: right;\">\u00a050.\u2013<\/td>\n<\/tr>\n<\/tbody>\n<\/table>\n<p>Maksas akredit\u0101cija, kas kino nozares profesion\u0101\u013ciem nodro\u0161ina iesp\u0113ju apmekl\u0113t jebkuru festiv\u0101la seansu, k\u0101 ar\u012b visus festiv\u0101la industrijas pas\u0101kumus.<\/p>\n<p>Lai pieteiktos akredit\u0101cijai, l\u016bdzam aizpild\u012bt anketu. Jaut\u0101jumu gad\u012bjum\u0101, l\u016bdzam sazin\u0101ties ar festiv\u0101la akredit\u0101ciju departamentu \u2013 <a href=\"mailto:admissions@rigaiff.lv\" target=\"_blank\" rel=\"noopener\">admissions@rigaiff.lv<\/a>.<\/p>\n<p>&nbsp;<\/p>\n","button_text":"Pieteikties","button_url":"http:\/\/rigaiff.lv\/2018\/lv\/akreditacijas-pieteikums-industrijas-profesionaliem\/","disabled":false,"image_2":false,"content_2":"<p>&nbsp;<\/p>\n<hr \/>\n<table style=\"height: 24px; width: 100%; border-collapse: collapse;\" border=\"0\">\n<tbody>\n<tr style=\"height: 24px;\">\n<td style=\"width: 90%; height: 24px;\">Mediju caurlaide<\/td>\n<td style=\"width: 10%; height: 24px; text-align: right;\">\u00a0Bezmaksas<\/td>\n<\/tr>\n<\/tbody>\n<\/table>\n<p>Mediju akredit\u0101cija nodro\u0161ina iesp\u0113ju apmekl\u0113t jebkuru festiv\u0101la seansu, k\u0101 ar\u012b visus festiv\u0101la industrijas pas\u0101kumus. Akredit\u0101cijai iesp\u0113jams pieteikties l\u012bdz 2018. gada 28. septembrim. Katrs akredit\u0101cijas pieteikums tiks izskat\u012bts atsevi\u0161\u0137i un l\u0113mums par akredit\u0101cijas pie\u0161\u0137ir\u0161anu tiks dar\u012bts zin\u0101ms katram akredit\u0101cijas piepras\u012bt\u0101jam individu\u0101li ne v\u0113l\u0101k k\u0101 \u0161.g. 5. oktobr\u012b.<br \/>\nJaut\u0101jumu gad\u012bjum\u0101, l\u016bdzam sazin\u0101ties ar festiv\u0101la akredit\u0101ciju departamentu \u2013<a href=\"mailto:admissions@rigaiff.lv\"> admissions@rigaiff.lv<\/a>.<\/p>\n","button_text_2":"Pieteikties","button_url_2":"https:\/\/rigaiff.lv\/2018\/lv\/media-accreditation","disabled_2":false,"image_3":false,"content_3":"","button_text_3":"","button_url_3":"","disabled_3":false,"image_4":false,"content_4":"","button_text_4":"","button_url_4":"","disabled_4":false}],"description":"<p>\u0160\u012bs ir visas filmas, kuras atz\u012bm\u0113ji ar \u2661.<\/p>\n","visit_my_tickets":"Doties uz pirkuma grozu!","description_no_tickets":"<p>Varb\u016bt paman\u012bji pel\u0113kas sirsni\u0146as <img decoding=\"async\" style=\"width: 19px; margin: 7px 2px;\" src=\"https:\/\/rigaiff.lv\/wp-content\/uploads\/2018\/09\/heart_gray.svg\" alt=\"\" \/> pie film\u0101m. Dro\u0161i spied uz t\u0101m, lai atlas\u012btu visas filmas, kuras Tev pat\u012bk. T\u0101s kr\u0101sies \u0161aj\u0101 sada\u013c\u0101, lai pal\u012bdz\u0113tu pie\u0146emt l\u0113mumu, kuras no t\u0101m apmekl\u0113t.<\/p>\n","dashed_no_tickets":"<p>Visi izv\u0113l\u0113tie seansi b\u016bs pieejami \u0161eit<\/p>\n"},"_links":{"self":[{"href":"https:\/\/rigaiff.lv\/lv\/wp-json\/wp\/v2\/pages\/7516","targetHints":{"allow":["GET"]}}],"collection":[{"href":"https:\/\/rigaiff.lv\/lv\/wp-json\/wp\/v2\/pages"}],"about":[{"href":"https:\/\/rigaiff.lv\/lv\/wp-json\/wp\/v2\/types\/page"}],"author":[{"embeddable":true,"href":"https:\/\/rigaiff.lv\/lv\/wp-json\/wp\/v2\/users\/1"}],"replies":[{"embeddable":true,"href":"https:\/\/rigaiff.lv\/lv\/wp-json\/wp\/v2\/comments?post=7516"}],"version-history":[{"count":1,"href":"https:\/\/rigaiff.lv\/lv\/wp-json\/wp\/v2\/pages\/7516\/revisions"}],"predecessor-version":[{"id":36839,"href":"https:\/\/rigaiff.lv\/lv\/wp-json\/wp\/v2\/pages\/7516\/revisions\/36839"}],"wp:attachment":[{"href":"https:\/\/rigaiff.lv\/lv\/wp-json\/wp\/v2\/media?parent=7516"}],"curies":[{"name":"wp","href":"https:\/\/api.w.org\/{rel}","templated":true}]}}