{"id":8543,"date":"2018-10-08T07:48:15","date_gmt":"2018-10-08T04:48:15","guid":{"rendered":"https:\/\/rigaiff.lv\/2018\/?page_id=8543"},"modified":"2018-10-11T00:08:26","modified_gmt":"2018-10-10T21:08:26","slug":"events-industry","status":"publish","type":"page","link":"https:\/\/rigaiff.lv\/lv\/events-industry-calendar","title":{"rendered":"Events Industry"},"content":{"rendered":"","protected":false},"excerpt":{"rendered":"","protected":false},"author":1,"featured_media":0,"parent":0,"menu_order":0,"comment_status":"closed","ping_status":"closed","template":"events-industr.php","meta":{"_acf_changed":false,"inline_featured_image":false,"footnotes":""},"class_list":["post-8543","page","type-page","status-publish","hentry"],"acf":{"title":"Industrijas pas\u0101kumu norises grafiks","description":"<p>Pilna RIGA IFF Industrijas pas\u0101kumu programma &#8211; prezent\u0101ciju sesijas, diskusijas, hakatons un daudz k\u0101 cita.<\/p>\n"},"_links":{"self":[{"href":"https:\/\/rigaiff.lv\/lv\/wp-json\/wp\/v2\/pages\/8543","targetHints":{"allow":["GET"]}}],"collection":[{"href":"https:\/\/rigaiff.lv\/lv\/wp-json\/wp\/v2\/pages"}],"about":[{"href":"https:\/\/rigaiff.lv\/lv\/wp-json\/wp\/v2\/types\/page"}],"author":[{"embeddable":true,"href":"https:\/\/rigaiff.lv\/lv\/wp-json\/wp\/v2\/users\/1"}],"replies":[{"embeddable":true,"href":"https:\/\/rigaiff.lv\/lv\/wp-json\/wp\/v2\/comments?post=8543"}],"version-history":[{"count":0,"href":"https:\/\/rigaiff.lv\/lv\/wp-json\/wp\/v2\/pages\/8543\/revisions"}],"wp:attachment":[{"href":"https:\/\/rigaiff.lv\/lv\/wp-json\/wp\/v2\/media?parent=8543"}],"curies":[{"name":"wp","href":"https:\/\/api.w.org\/{rel}","templated":true}]}}